{"id":1190,"date":"2024-06-11T11:35:35","date_gmt":"2024-06-11T09:35:35","guid":{"rendered":"https:\/\/www.eldsbergachark.se\/opci-uvjeti\/"},"modified":"2024-10-15T08:36:29","modified_gmt":"2024-10-15T06:36:29","slug":"opci-uvjeti","status":"publish","type":"page","link":"https:\/\/www.eldsbergachark.se\/bs\/opci-uvjeti\/","title":{"rendered":"Op\u0107i uvjeti"},"content":{"rendered":"\n\n  <div class=\"banner has-hover has-parallax\" id=\"banner-132710925\">\n          <div class=\"banner-inner fill\">\n        <div class=\"banner-bg fill\" data-parallax=\"-4\" data-parallax-container=\".banner\" data-parallax-background>\n            <img loading=\"lazy\" decoding=\"async\" width=\"1011\" height=\"800\" src=\"https:\/\/www.eldsbergachark.se\/wp-content\/uploads\/2024\/06\/eldsberga-chark-almanna-villkor-1011x800.webp\" class=\"bg attachment-large size-large\" alt=\"Bosanski sudzuk, tillverkad av Eldsberga chark\" \/>                        <div class=\"overlay\"><\/div>            \n                    <\/div>\n\t\t\n        <div class=\"banner-layers container\">\n            <div class=\"fill banner-link\"><\/div>            \n\n   <div id=\"text-box-1445493677\" class=\"text-box banner-layer x50 md-x50 lg-x50 y50 md-y50 lg-y50 res-text\">\n              <div data-parallax=\"-3\" data-parallax-fade=\"true\">       <div data-animate=\"fadeInUp\">           <div class=\"text-box-content text dark text-shadow-1\">\n              \n              <div class=\"text-inner text-center\">\n                  \n\n<h1>Op\u0107i uvjeti<\/h1>\n\n              <\/div>\n           <\/div>\n       <\/div>       <\/div>              \n<style>\n#text-box-1445493677 {\n  width: 100%;\n}\n#text-box-1445493677 .text-box-content {\n  font-size: 131%;\n}\n@media (min-width:550px) {\n  #text-box-1445493677 {\n    width: 59%;\n  }\n  #text-box-1445493677 .text-box-content {\n    font-size: 100%;\n  }\n}\n<\/style>\n    <\/div>\n \n\n        <\/div>\n      <\/div>\n\n            \n<style>\n#banner-132710925 {\n  padding-top: 40vh;\n}\n#banner-132710925 .overlay {\n  background-color: rgba(0, 0, 0, 0.27);\n}\n#banner-132710925 .banner-bg img {\n  object-position: 49% 43%;\n}\n<\/style>\n  <\/div>\n\n\n\t<div id=\"gap-403584536\" class=\"gap-element clearfix\" style=\"display:block; height:auto;\">\n\t\t\n<style>\n#gap-403584536 {\n  padding-top: 40px;\n}\n<\/style>\n\t<\/div>\n\t\n\n\n\t<section class=\"section\" id=\"section_592516274\">\n\t\t<div class=\"section-bg fill\" >\n\t\t\t\t\t\t\t\t\t\n\t\t\t\n\t<div class=\"is-border\"\n\t\tstyle=\"border-width:0px 0px 0px 0px;\">\n\t<\/div>\n\n\t\t<\/div>\n\n\t\t\n\n\t\t<div class=\"section-content relative\">\n\t\t\t\n\n<div class=\"row row-large align-center\"  id=\"row-159381532\">\n\n\n\t<div id=\"col-872870166\" class=\"col medium-9 small-12 large-9\"  >\n\t\t\t\t<div class=\"col-inner text-left\"  >\n\t\t\t\n\t\t\t\n\n\t<div id=\"text-855896369\" class=\"text\">\n\t\t\n\n<h3>1. Op\u0107e odredbe<\/h3>\n<p>1. Op\u0107e odredbe Ovi op\u0107i uvjeti vrijede kada kao potro\u0161a\u010d izvr\u0161ite narud\u017ebu putem na\u0161e web stranice. .Ugovor se sklapa izme\u0111u vas i Charkkompaniet AB, organizacijski broj 556885-7949, Kommunalhusv\u00e4gen 10, 305 97, Eldsberga.<\/p>\n<h3>2. Narud\u017ebe<\/h3>\n<p>Sve narud\u017ebe smatraju se obavezuju\u0107im. Kada izvr\u0161ite narud\u017ebu, potvrda narud\u017ebe bit \u0107e poslana na va\u0161u e-mail adresu koju ste naveli prilikom kupovine. U slu\u010daju bilo kakvih neto\u010dnosti u potvrdi narud\u017ebe, va\u0161a je odgovornost da nas odmah kontaktirate.<\/p>\n<h3>3. Cijene i pla\u0107anje<\/h3>\n<p>Sve cijene su izra\u017eene u \u0161vedskim krunama (SEK) uklju\u010duju\u0107i PDV (moms). Pla\u0107anje se vr\u0161i putem opcija pla\u0107anja navedenih na web stranici. Zadr\u017eavamo pravo promjene cijena bez prethodne najave.<\/p>\n<h3>4. Dostava<\/h3>\n<p>Dostava se vr\u0161i na adresu navedenu prilikom narud\u017ebe. Nastojimo isporu\u010diti u roku od 3-5 radnih dana, ali vrijeme isporuke mo\u017ee varirati ovisno o va\u0161oj lokaciji i drugim faktorima izvan na\u0161e kontrole. Ne odgovaramo za ka\u0161njenja uzrokovana od strane dostavne slu\u017ebe.<\/p>\n<h3>5. Pravo na povrat<\/h3>\n<p>Pravo na povrat vrijedi samo ako je odobreno od strane Charkkompaniet AB i podrazumijeva da je pakiranje neo\u0161te\u0107eno i proizvod u nepromijenjenom stanju \u010duvan na temperaturi do +8\u00b0C. Kontaktirajte nas u roku od 14 dana od primitka proizvoda kako biste iskoristili pravo na povrat. Vi\u0161e detalja mo\u017eete prona\u0107i u na\u0161oj <a href=\"https:\/\/www.eldsbergachark.se\/bs\/politika-povrata\/\">politici povrata<\/a>.<\/p>\n<h3>6. Reklamacije<\/h3>\n<p>Ako je proizvod neispravan ili o\u0161te\u0107en, imate pravo na reklamaciju. Kontaktirajte nas odmah nakon otkrivanja gre\u0161ke kako biste dobili informacije o povratu proizvoda. Prilikom obrade reklamacija, pridr\u017eavamo se pravila Zakona o za\u0161titi potro\u0161a\u010da. Vi\u0161e detalja mo\u017eete prona\u0107i u na\u0161oj <a href=\"https:\/\/www.eldsbergachark.se\/bs\/politika-povrata\/\">politici povrata<\/a>.<\/p>\n<h3>7. Osobni podaci<\/h3>\n<p>Kupovinom kod nas prihva\u0107ate da pohranjujemo i koristimo va\u0161e osobne podatke u skladu s na\u0161om politikom privatnosti. Va\u0161e osobne podatke obra\u0111ujemo u svrhu upravljanja va\u0161om narud\u017ebom i pru\u017eanja najbolje mogu\u0107e usluge. Vi\u0161e detalja na\u0107i \u0107ete u <a href=\"https:\/\/www.eldsbergachark.se\/bs\/izjava-o-privatnosti\/\">na\u0161oj Izjavi o privatnosti<\/a>.<\/p>\n<h3>8. Ograni\u010denje odgovornosti<\/h3>\n<p>Ne odgovaramo za indirektne \u0161tete koje mogu nastati uslijed kori\u0161tenja proizvoda koje prodajemo. Tako\u0111er, ne odgovaramo za \u0161tete uzrokovane vanjskim okolnostima izvan na\u0161e kontrole, kao \u0161to su prirodne katastrofe, rat, \u0161trajkovi ili drugi slu\u010dajevi vi\u0161e sile.<\/p>\n<h3>9. Sporovi i primjenjivi zakon<\/h3>\n<p>\u0160vedski zakon primjenjuje se na ove uvjete. Sporovi \u0107e se u prvom redu rje\u0161avati sporazumno nakon rasprave s na\u0161om <a href=\"mailto:kundtjanst@eldsbergachark.se\">korisni\u010dkom slu\u017ebom<\/a>. Ako se spor ne mo\u017ee rije\u0161iti pregovorima, kao potro\u0161a\u010d mo\u017eete se obratiti Allm\u00e4nna reklamationsn\u00e4mnden (ARN) ili drugom odgovaraju\u0107em tijelu za rje\u0161avanje sporova.<\/p>\n<h3>10. Kontakt informacije<\/h3>\n<p>Za pitanja o ovim uvjetima ili druga pitanja, molimo vas da nas kontaktirate na: <br><br>Charkkompaniet AB<br>Kommunalhusv\u00e4gen 10<br>305 97, Eldsberga<br>E-mail: kundtjanst@eldsbergachark.se<br>Telefon: 035 409 65<\/p>\n<p>Ovi uvjeti su zadnji put a\u017eurirani 15. oktobra 2024. godine.<\/p>\n\t\t\n<style>\n#text-855896369 {\n  font-size: 1rem;\n}\n<\/style>\n\t<\/div>\n\t\n\n\t\t<\/div>\n\t\t\t\t\t<\/div>\n\n\t\n\n<\/div>\n\n\t\t<\/div>\n\n\t\t\n<style>\n#section_592516274 {\n  padding-top: 60px;\n  padding-bottom: 60px;\n}\n<\/style>\n\t<\/section>\n\t\n\n","protected":false},"excerpt":{"rendered":"","protected":false},"author":1,"featured_media":1191,"parent":0,"menu_order":0,"comment_status":"closed","ping_status":"closed","template":"page-transparent-header-light.php","meta":{"footnotes":""},"class_list":["post-1190","page","type-page","status-publish","has-post-thumbnail","hentry"],"_links":{"self":[{"href":"https:\/\/www.eldsbergachark.se\/bs\/wp-json\/wp\/v2\/pages\/1190","targetHints":{"allow":["GET"]}}],"collection":[{"href":"https:\/\/www.eldsbergachark.se\/bs\/wp-json\/wp\/v2\/pages"}],"about":[{"href":"https:\/\/www.eldsbergachark.se\/bs\/wp-json\/wp\/v2\/types\/page"}],"author":[{"embeddable":true,"href":"https:\/\/www.eldsbergachark.se\/bs\/wp-json\/wp\/v2\/users\/1"}],"replies":[{"embeddable":true,"href":"https:\/\/www.eldsbergachark.se\/bs\/wp-json\/wp\/v2\/comments?post=1190"}],"version-history":[{"count":0,"href":"https:\/\/www.eldsbergachark.se\/bs\/wp-json\/wp\/v2\/pages\/1190\/revisions"}],"wp:featuredmedia":[{"embeddable":true,"href":"https:\/\/www.eldsbergachark.se\/bs\/wp-json\/wp\/v2\/media\/1191"}],"wp:attachment":[{"href":"https:\/\/www.eldsbergachark.se\/bs\/wp-json\/wp\/v2\/media?parent=1190"}],"curies":[{"name":"wp","href":"https:\/\/api.w.org\/{rel}","templated":true}]}}