{"id":1195,"date":"2024-05-21T15:54:53","date_gmt":"2024-05-21T13:54:53","guid":{"rendered":"https:\/\/www.eldsbergachark.se\/pitanja-i-odgovori\/"},"modified":"2024-10-22T15:50:34","modified_gmt":"2024-10-22T13:50:34","slug":"pitanja-i-odgovori","status":"publish","type":"page","link":"https:\/\/www.eldsbergachark.se\/bs\/pitanja-i-odgovori\/","title":{"rendered":"Pitanja i odgovori"},"content":{"rendered":"\n\n  <div class=\"banner has-hover has-parallax\" id=\"banner-1311370663\">\n          <div class=\"banner-inner fill\">\n        <div class=\"banner-bg fill\" data-parallax=\"-4\" data-parallax-container=\".banner\" data-parallax-background>\n            <img loading=\"lazy\" decoding=\"async\" width=\"700\" height=\"423\" src=\"https:\/\/www.eldsbergachark.se\/wp-content\/uploads\/2024\/06\/sudzuk-eldsberga-chark-mail.webp\" class=\"bg attachment-large size-large\" alt=\"Bosanska sud\u017euka sa bijelim lukom, proizvedena u Eldsberga Chark.\" \/>                        <div class=\"overlay\"><\/div>            \n                    <\/div>\n\t\t\n        <div class=\"banner-layers container\">\n            <div class=\"fill banner-link\"><\/div>            \n\n   <div id=\"text-box-460053360\" class=\"text-box banner-layer x50 md-x50 lg-x50 y50 md-y50 lg-y50 res-text\">\n              <div data-parallax=\"-3\" data-parallax-fade=\"true\">       <div data-animate=\"fadeInUp\">           <div class=\"text-box-content text dark text-shadow-1\">\n              \n              <div class=\"text-inner text-center\">\n                  \n\n<h1>Pitanja i odgovori<\/h1>\n\n              <\/div>\n           <\/div>\n       <\/div>       <\/div>              \n<style>\n#text-box-460053360 {\n  width: 100%;\n}\n#text-box-460053360 .text-box-content {\n  font-size: 131%;\n}\n@media (min-width:550px) {\n  #text-box-460053360 {\n    width: 59%;\n  }\n  #text-box-460053360 .text-box-content {\n    font-size: 100%;\n  }\n}\n<\/style>\n    <\/div>\n \n\n        <\/div>\n      <\/div>\n\n            \n<style>\n#banner-1311370663 {\n  padding-top: 40vh;\n}\n#banner-1311370663 .overlay {\n  background-color: rgba(0, 0, 0, 0.27);\n}\n#banner-1311370663 .banner-bg img {\n  object-position: 49% 43%;\n}\n<\/style>\n  <\/div>\n\n\n\n\t<section class=\"section\" id=\"section_1572100106\">\n\t\t<div class=\"section-bg fill\" >\n\t\t\t\t\t\t\t\t\t\n\t\t\t\n\t<div class=\"is-border\"\n\t\tstyle=\"border-width:1px 0px 1px 0px;\">\n\t<\/div>\n\n\t\t<\/div>\n\n\t\t\n\n\t\t<div class=\"section-content relative\">\n\t\t\t\n\n<div class=\"row row-large align-center\"  id=\"row-890637277\">\n\n\n\t<div id=\"col-854349221\" class=\"col medium-9 small-12 large-9\"  >\n\t\t\t\t<div class=\"col-inner text-center\"  >\n\t\t\t\n\t\t\t\n\n\t<div id=\"text-512214933\" class=\"text\">\n\t\t\n\n<p>Ovdje smo sakupili naj\u010de\u0161\u0107a pitanja koja na\u0161i kupci postavljaju o na\u0161im su\u0161enim i dimljenim mesnim proizvodima. Trudimo se pru\u017eiti vam \u0161to vi\u0161e informacija kako biste se osje\u0107ali sigurno i zadovoljno s va\u0161im kupovinama. Ako ovdje ne prona\u0111ete odgovor na svoje pitanje, ne oklijevajte da nas direktno kontaktirate. Uvijek smo tu da vam pomognemo!<\/p>\n\t\t\n<style>\n#text-512214933 {\n  text-align: left;\n}\n<\/style>\n\t<\/div>\n\t\n\t<div id=\"gap-1421481657\" class=\"gap-element clearfix\" style=\"display:block; height:auto;\">\n\t\t\n<style>\n#gap-1421481657 {\n  padding-top: 40px;\n}\n<\/style>\n\t<\/div>\n\t\n\n<div class=\"accordion\">\n\n\t<div id=\"accordion-2444434053\" class=\"accordion-item\">\n\t\t<a id=\"accordion-2444434053-label\" class=\"accordion-title plain\" href=\"#accordion-item-\u0160ta-je-su\u0161eno-meso?\" aria-expanded=\"false\" aria-controls=\"accordion-2444434053-content\" >\n\t\t\t<button class=\"toggle\" aria-label=\"Toggle\"><i class=\"icon-angle-down\"><\/i><\/button>\n\t\t\t<span>\u0160ta je su\u0161eno meso?<\/span>\n\t\t<\/a>\n\t\t<div id=\"accordion-2444434053-content\" class=\"accordion-inner\" aria-labelledby=\"accordion-2444434053-label\" >\n\t\t\t\n\n\t<div id=\"text-3088582994\" class=\"text\">\n\t\t\n\n<p>Su\u0161eno meso je meso koje je konzervirano soljenjem i su\u0161eno na suhom zraku tokom du\u017eeg perioda. Ovaj proces daje mesu jedinstven okus i konzistenciju.<\/p>\n\t\t\n<style>\n#text-3088582994 {\n  text-align: left;\n}\n<\/style>\n\t<\/div>\n\t\n\n\t\t<\/div>\n\t<\/div>\n\t\n\t<div id=\"accordion-67473435\" class=\"accordion-item\">\n\t\t<a id=\"accordion-67473435-label\" class=\"accordion-title plain\" href=\"#accordion-item-koja-je-razlika-izme\u0111u-su\u0161enog-i-dimljenog-mesa?\" aria-expanded=\"false\" aria-controls=\"accordion-67473435-content\" >\n\t\t\t<button class=\"toggle\" aria-label=\"Toggle\"><i class=\"icon-angle-down\"><\/i><\/button>\n\t\t\t<span>Koja je razlika izme\u0111u su\u0161enog i dimljenog mesa?<\/span>\n\t\t<\/a>\n\t\t<div id=\"accordion-67473435-content\" class=\"accordion-inner\" aria-labelledby=\"accordion-67473435-label\" >\n\t\t\t\n\n\t<div id=\"text-3980070537\" class=\"text\">\n\t\t\n\n<p>Su\u0161eno meso se su\u0161i na suhom zraku tokom du\u017eeg perioda, dok dimljeno meso prolazi kroz proces dimljenja koji mu daje karakteristi\u010dan dimljeni okus.<\/p>\n\t\t\n<style>\n#text-3980070537 {\n  text-align: left;\n}\n<\/style>\n\t<\/div>\n\t\n\n\t\t<\/div>\n\t<\/div>\n\t\n\t<div id=\"accordion-457116690\" class=\"accordion-item\">\n\t\t<a id=\"accordion-457116690-label\" class=\"accordion-title plain\" href=\"#accordion-item-da-li-su-va\u0161i-proizvodi-bez-glutena?\" aria-expanded=\"false\" aria-controls=\"accordion-457116690-content\" >\n\t\t\t<button class=\"toggle\" aria-label=\"Toggle\"><i class=\"icon-angle-down\"><\/i><\/button>\n\t\t\t<span>Da li su va\u0161i proizvodi bez glutena?<\/span>\n\t\t<\/a>\n\t\t<div id=\"accordion-457116690-content\" class=\"accordion-inner\" aria-labelledby=\"accordion-457116690-label\" >\n\t\t\t\n\n\t<div id=\"text-2660792901\" class=\"text\">\n\t\t\n\n<p>Da, svi na\u0161i proizvodi su potpuno bez glutena.<\/p>\n\t\t\n<style>\n#text-2660792901 {\n  text-align: left;\n}\n<\/style>\n\t<\/div>\n\t\n\n\t\t<\/div>\n\t<\/div>\n\t\n\t<div id=\"accordion-88251824\" class=\"accordion-item\">\n\t\t<a id=\"accordion-88251824-label\" class=\"accordion-title plain\" href=\"#accordion-item-koliko-dugo-traju-va\u0161i-proizvodi?\" aria-expanded=\"false\" aria-controls=\"accordion-88251824-content\" >\n\t\t\t<button class=\"toggle\" aria-label=\"Toggle\"><i class=\"icon-angle-down\"><\/i><\/button>\n\t\t\t<span>Koliko dugo traju va\u0161i proizvodi?<\/span>\n\t\t<\/a>\n\t\t<div id=\"accordion-88251824-content\" class=\"accordion-inner\" aria-labelledby=\"accordion-88251824-label\" >\n\t\t\t\n\n\t<div id=\"text-3608081371\" class=\"text\">\n\t\t\n\n<p>Na\u0161i proizvodi imaju rok trajanja od 270 dana ako se pravilno skladi\u0161te, bilo u fri\u017eideru ili na hladnom i suhom mjestu s maksimalnom temperaturom do +8\u00b0C.<\/p>\n\t\t\n<style>\n#text-3608081371 {\n  text-align: left;\n}\n<\/style>\n\t<\/div>\n\t\n\n\t\t<\/div>\n\t<\/div>\n\t\n\t<div id=\"accordion-1742873350\" class=\"accordion-item\">\n\t\t<a id=\"accordion-1742873350-label\" class=\"accordion-title plain\" href=\"#accordion-item-kako-trebam-\u010duvati-va\u0161e-proizvode?\" aria-expanded=\"false\" aria-controls=\"accordion-1742873350-content\" >\n\t\t\t<button class=\"toggle\" aria-label=\"Toggle\"><i class=\"icon-angle-down\"><\/i><\/button>\n\t\t\t<span>Kako trebam \u010duvati va\u0161e proizvode?<\/span>\n\t\t<\/a>\n\t\t<div id=\"accordion-1742873350-content\" class=\"accordion-inner\" aria-labelledby=\"accordion-1742873350-label\" >\n\t\t\t\n\n\t<div id=\"text-2240297214\" class=\"text\">\n\t\t\n\n<p>Za najbolju trajnost, \u010duvajte na\u0161e proizvode u fri\u017eideru ili na hladnom i suhom mjestu. Nakon otvaranja i kori\u0161tenja, osigurajte da je pakovanje dobro zatvoreno.<\/p>\n\t\t\n<style>\n#text-2240297214 {\n  text-align: left;\n}\n<\/style>\n\t<\/div>\n\t\n\n\t\t<\/div>\n\t<\/div>\n\t\n\t<div id=\"accordion-3131452410\" class=\"accordion-item\">\n\t\t<a id=\"accordion-3131452410-label\" class=\"accordion-title plain\" href=\"#accordion-item-mogu-li-zamrznuti-va\u0161e-proizvode?\" aria-expanded=\"false\" aria-controls=\"accordion-3131452410-content\" >\n\t\t\t<button class=\"toggle\" aria-label=\"Toggle\"><i class=\"icon-angle-down\"><\/i><\/button>\n\t\t\t<span>Mogu li zamrznuti va\u0161e proizvode?<\/span>\n\t\t<\/a>\n\t\t<div id=\"accordion-3131452410-content\" class=\"accordion-inner\" aria-labelledby=\"accordion-3131452410-label\" >\n\t\t\t\n\n\t<div id=\"text-2773901445\" class=\"text\">\n\t\t\n\n<p>Da, mo\u017eete zamrznuti na\u0161e proizvode kako biste dodatno produ\u017eili njihov rok trajanja.<\/p>\n\t\t\n<style>\n#text-2773901445 {\n  text-align: left;\n}\n<\/style>\n\t<\/div>\n\t\n\n\t\t<\/div>\n\t<\/div>\n\t\n\t<div id=\"accordion-4189428352\" class=\"accordion-item\">\n\t\t<a id=\"accordion-4189428352-label\" class=\"accordion-title plain\" href=\"#accordion-item-koristite-li-organske-sastojke?\" aria-expanded=\"false\" aria-controls=\"accordion-4189428352-content\" >\n\t\t\t<button class=\"toggle\" aria-label=\"Toggle\"><i class=\"icon-angle-down\"><\/i><\/button>\n\t\t\t<span>Koristite li organske sastojke?<\/span>\n\t\t<\/a>\n\t\t<div id=\"accordion-4189428352-content\" class=\"accordion-inner\" aria-labelledby=\"accordion-4189428352-label\" >\n\t\t\t\n\n\t<div id=\"text-3636893145\" class=\"text\">\n\t\t\n\n<p>Koristimo samo visokokvalitetne sirovine, ali one nisu organski certificirane.<\/p>\n\t\t\n<style>\n#text-3636893145 {\n  text-align: left;\n}\n<\/style>\n\t<\/div>\n\t\n\n\t\t<\/div>\n\t<\/div>\n\t\n\t<div id=\"accordion-2187299051\" class=\"accordion-item\">\n\t\t<a id=\"accordion-2187299051-label\" class=\"accordion-title plain\" href=\"#E250\" aria-expanded=\"false\" aria-controls=\"accordion-2187299051-content\" >\n\t\t\t<button class=\"toggle\" aria-label=\"Toggle\"><i class=\"icon-angle-down\"><\/i><\/button>\n\t\t\t<span>\u0160ta je konzervans E250?<\/span>\n\t\t<\/a>\n\t\t<div id=\"accordion-2187299051-content\" class=\"accordion-inner\" aria-labelledby=\"accordion-2187299051-label\" >\n\t\t\t\n\n\t<div id=\"text-616440089\" class=\"text\">\n\t\t\n\n<p>E250, tako\u0111er poznat kao natrijev nitrit, je uobi\u010dajeni konzervans koji se koristi u mesnim proizvodima kao \u0161to su kobasice, slanina i suhomesnati proizvodi. Njegova glavna funkcija je sprje\u010davanje rasta \u0161tetnih bakterija, posebno Clostridium botulinum, koje mogu uzrokovati botulizam, ozbiljnu bolest prenosivu hranom.<\/p>\n<p><strong>Preporuke Agencije za hranu<\/strong><br>Agencija za hranu i druge nadle\u017ene vlasti u EU imaju stroge propise o tome koliko se natrijevog nitrita smije koristiti u prehrambenim proizvodima. Koli\u010dine su pa\u017eljivo regulisane kako bi se osiguralo da su dovoljno niske za smanjenje zdravstvenih rizika, ali dovoljno visoke da obave svoju konzerviraju\u0107u funkciju.<\/p>\n<p>Agencija za hranu tako\u0111er preporu\u010duje da se prehrana raznovrsno prilagodi i da se ne konzumiraju velike koli\u010dine suhomesnatih proizvoda svakodnevno, kako bi se smanjio rizik od negativnih zdravstvenih efekata. Tako\u0111er nagla\u0161avaju da uravnote\u017eena ishrana bogata vo\u0107em, povr\u0107em i vlaknima mo\u017ee pomo\u0107i u neutraliziranju potencijalno \u0161tetnih efekata nitrita.<\/p>\n<p>Dakle, E250 je efikasan konzervans koji doprinosi sigurnosti hrane, ali kao i kod svih aditiva, va\u017eno je pridr\u017eavati se preporu\u010denih koli\u010dina kako bi se smanjili eventualni zdravstveni rizici.<\/p>\n\t\t\n<style>\n#text-616440089 {\n  text-align: left;\n}\n<\/style>\n\t<\/div>\n\t\n\n\t\t<\/div>\n\t<\/div>\n\t\n\t<div id=\"accordion-4072666680\" class=\"accordion-item\">\n\t\t<a id=\"accordion-4072666680-label\" class=\"accordion-title plain\" href=\"#accordion-item-kako-se-proizvode-va\u0161i-proizvodi?\" aria-expanded=\"false\" aria-controls=\"accordion-4072666680-content\" >\n\t\t\t<button class=\"toggle\" aria-label=\"Toggle\"><i class=\"icon-angle-down\"><\/i><\/button>\n\t\t\t<span>Kako se proizvode va\u0161i proizvodi?<\/span>\n\t\t<\/a>\n\t\t<div id=\"accordion-4072666680-content\" class=\"accordion-inner\" aria-labelledby=\"accordion-4072666680-label\" >\n\t\t\t\n\n\t<div id=\"text-3673015958\" class=\"text\">\n\t\t\n\n<p>Na\u0161i proizvodi se izra\u0111uju kroz tradicionalni proces koji uklju\u010duje pa\u017eljivo odabrane sirovine, su\u0161enje i dimljenje, posebno dizajnirano za nas.<\/p>\n\t\t\n<style>\n#text-3673015958 {\n  text-align: left;\n}\n<\/style>\n\t<\/div>\n\t\n\n\t\t<\/div>\n\t<\/div>\n\t\n\t<div id=\"accordion-3993755358\" class=\"accordion-item\">\n\t\t<a id=\"accordion-3993755358-label\" class=\"accordion-title plain\" href=\"#accordion-item-gdje-nabavljate-meso?\" aria-expanded=\"false\" aria-controls=\"accordion-3993755358-content\" >\n\t\t\t<button class=\"toggle\" aria-label=\"Toggle\"><i class=\"icon-angle-down\"><\/i><\/button>\n\t\t\t<span>Gdje nabavljate meso?<\/span>\n\t\t<\/a>\n\t\t<div id=\"accordion-3993755358-content\" class=\"accordion-inner\" aria-labelledby=\"accordion-3993755358-label\" >\n\t\t\t\n\n\t<div id=\"text-3800357981\" class=\"text\">\n\t\t\n\n<p>Koristimo meso iz velikih klaonica u Nizozemskoj i Danskoj.<\/p>\n\t\t\n<style>\n#text-3800357981 {\n  text-align: left;\n}\n<\/style>\n\t<\/div>\n\t\n\n\t\t<\/div>\n\t<\/div>\n\t\n\t<div id=\"accordion-1954469833\" class=\"accordion-item\">\n\t\t<a id=\"accordion-1954469833-label\" class=\"accordion-title plain\" href=\"#accordion-item-koje-vrste-mesa-nudite?\" aria-expanded=\"false\" aria-controls=\"accordion-1954469833-content\" >\n\t\t\t<button class=\"toggle\" aria-label=\"Toggle\"><i class=\"icon-angle-down\"><\/i><\/button>\n\t\t\t<span>Koje vrste mesa nudite?<\/span>\n\t\t<\/a>\n\t\t<div id=\"accordion-1954469833-content\" class=\"accordion-inner\" aria-labelledby=\"accordion-1954469833-label\" >\n\t\t\t\n\n\t<div id=\"text-1340491274\" class=\"text\">\n\t\t\n\n<p>Nudimo \u0161irok asortiman su\u0161enog i dimljenog gove\u0111eg i svinjskog mesa.<\/p>\n\t\t\n<style>\n#text-1340491274 {\n  text-align: left;\n}\n<\/style>\n\t<\/div>\n\t\n\n\t\t<\/div>\n\t<\/div>\n\t\n\t<div id=\"accordion-3744875645\" class=\"accordion-item\">\n\t\t<a id=\"accordion-3744875645-label\" class=\"accordion-title plain\" href=\"#accordion-item-mogu-li-kupci-iz-drugih-zemalja-eu-a-naru\u010diti-va\u0161e-proizvode-putem-web-shopa?\" aria-expanded=\"false\" aria-controls=\"accordion-3744875645-content\" >\n\t\t\t<button class=\"toggle\" aria-label=\"Toggle\"><i class=\"icon-angle-down\"><\/i><\/button>\n\t\t\t<span>Mogu li kupci iz drugih zemalja EU-a naru\u010diti va\u0161e proizvode putem web-shopa?<\/span>\n\t\t<\/a>\n\t\t<div id=\"accordion-3744875645-content\" class=\"accordion-inner\" aria-labelledby=\"accordion-3744875645-label\" >\n\t\t\t\n\n\t<div id=\"text-351158510\" class=\"text\">\n\t\t\n\n<p>Trenutno nije mogu\u0107e naru\u010diti na\u0161e proizvode direkt putem web-shopa za dostavu izvan \u0160vedske. Me\u0111utim, mogu\u0107e je naru\u010diti iz drugih zemalja EU-a tako \u0161to nas kontaktirate direktno putem e-maila na kundtjanst@eldsbergachark.se ili telefona +46 35 40965.<\/p>\n<p>U takvim slu\u010dajevima, minimalna kombinovana te\u017eina proizvoda bit \u0107e ograni\u010dena na 10 kilograma, a obavijestit \u0107emo kupca o tro\u0161kovima dostave. Nakon \u0161to primimo uplatu na na\u0161 bankovni ra\u010dun, \u0161aljemo proizvod i pru\u017eamo broj za pra\u0107enje po\u0161iljke kupcu.<\/p>\n\t\t\n<style>\n#text-351158510 {\n  text-align: left;\n}\n<\/style>\n\t<\/div>\n\t\n\n\t\t<\/div>\n\t<\/div>\n\t\n\t<div id=\"accordion-695813935\" class=\"accordion-item\">\n\t\t<a id=\"accordion-695813935-label\" class=\"accordion-title plain\" href=\"#accordion-item-jesu-li-va\u0161i-proizvodi-halal?\" aria-expanded=\"false\" aria-controls=\"accordion-695813935-content\" >\n\t\t\t<button class=\"toggle\" aria-label=\"Toggle\"><i class=\"icon-angle-down\"><\/i><\/button>\n\t\t\t<span>Jesu li va\u0161i proizvodi Halal?<\/span>\n\t\t<\/a>\n\t\t<div id=\"accordion-695813935-content\" class=\"accordion-inner\" aria-labelledby=\"accordion-695813935-label\" >\n\t\t\t\n\n\t<div id=\"text-2327138287\" class=\"text\">\n\t\t\n\n<p>Sve na\u0161e proizvode od govedine nabavljamo iz klaonica koje su Halal certificirane.<\/p>\n\t\t\n<style>\n#text-2327138287 {\n  text-align: left;\n}\n<\/style>\n\t<\/div>\n\t\n\n\t\t<\/div>\n\t<\/div>\n\t\n\t<div id=\"accordion-3628279291\" class=\"accordion-item\">\n\t\t<a id=\"accordion-3628279291-label\" class=\"accordion-title plain\" href=\"#accordion-item-meso-ili-kobasica-po\u010dinju-pljesniviti,-\u0161ta-da-radim?\" aria-expanded=\"false\" aria-controls=\"accordion-3628279291-content\" >\n\t\t\t<button class=\"toggle\" aria-label=\"Toggle\"><i class=\"icon-angle-down\"><\/i><\/button>\n\t\t\t<span>Meso ili kobasica po\u010dinju pljesniviti, \u0161ta da radim?<\/span>\n\t\t<\/a>\n\t\t<div id=\"accordion-3628279291-content\" class=\"accordion-inner\" aria-labelledby=\"accordion-3628279291-label\" >\n\t\t\t\n\n\t<div id=\"text-1409350251\" class=\"text\">\n\t\t\n\n<p>Prisustvo plijesni je znak da meso ili kobasica i dalje sazrijeva i nije \u0161tetno za konzumaciju. Me\u0111utim, ako proizvod ima neugodan miris, to je znak da ne\u0161to nije u redu i takav proizvod se ne smije jesti.<\/p>\n\t\t\n<style>\n#text-1409350251 {\n  text-align: left;\n}\n<\/style>\n\t<\/div>\n\t\n\n\t\t<\/div>\n\t<\/div>\n\t\n\n<\/div>\n\t<div id=\"gap-1270499247\" class=\"gap-element clearfix\" style=\"display:block; height:auto;\">\n\t\t\n<style>\n#gap-1270499247 {\n  padding-top: 40px;\n}\n<\/style>\n\t<\/div>\n\t\n\n\t<div id=\"text-795068923\" class=\"text\">\n\t\t\n\n<p>Nadamo se da \u0107e vam ovi odgovori pomo\u0107i da bolje razumijete na\u0161e proizvode. Nadamo se da \u0107e vam ovi odgovori pomo\u0107i da bolje razumijete na\u0161e proizvode. Kontinuirano a\u017euriramo ovu FAQ stranicu i zahvalni smo na svim pitanjima koja imate za nas. Na osnovu u\u010destalosti sli\u010dnih pitanja, uklju\u010di\u0107emo ih na ovu listu. Imate li vi\u0161e pitanja? Kontaktirajte nas putem e-maila: <a href=\"mailto:kundtjanst@eldsbergachark.se\">kundtjanst@eldsbergachark.se.<\/a><\/p>\n\t\t\n<style>\n#text-795068923 {\n  text-align: left;\n}\n<\/style>\n\t<\/div>\n\t\n\n\t\t<\/div>\n\t\t\t\t\t<\/div>\n\n\t\n\n\n<style>\n#row-890637277 > .col > .col-inner {\n  padding: 0px 20px 0px 30px;\n}\n@media (min-width:550px) {\n  #row-890637277 > .col > .col-inner {\n    padding: 0px 5% 0px 5%;\n  }\n}\n<\/style>\n<\/div>\n\n\n<script type=\"application\/ld+json\">{\n  \"@context\": \"https:\/\/schema.org\",\n  \"@type\": \"FAQPage\",\n  \"mainEntity\": [\n    {\n      \"@type\": \"Question\",\n      \"name\": \"Vad \u00e4r lufttorkat k\u00f6tt?\",\n      \"acceptedAnswer\": {\n        \"@type\": \"Answer\",\n        \"text\": \"Lufttorkat k\u00f6tt \u00e4r k\u00f6tt som har konserverats genom saltning och torkas i torr luft \u00f6ver en l\u00e4ngre tid. Denna process ger k\u00f6ttet en unik smak och konsistens.\"\n      }\n    },\n    {\n      \"@type\": \"Question\",\n      \"name\": \"Vad \u00e4r skillnaden mellan lufttorkat och r\u00f6kt k\u00f6tt?\",\n      \"acceptedAnswer\": {\n        \"@type\": \"Answer\",\n        \"text\": \"Lufttorkat k\u00f6tt torkas i torr luft under en l\u00e4ngre tid, medan r\u00f6kt k\u00f6tt genomg\u00e5r en r\u00f6kningprocess som ger det en distinkt r\u00f6kig smak.\"\n      }\n    },\n    {\n      \"@type\": \"Question\",\n      \"name\": \"\u00c4r era produkter glutenfria?\",\n      \"acceptedAnswer\": {\n        \"@type\": \"Answer\",\n        \"text\": \"Ja, alla v\u00e5ra produkter \u00e4r helt glutenfria.\"\n      }\n    },\n    {\n      \"@type\": \"Question\",\n      \"name\": \"Hur l\u00e4nge h\u00e5ller sig era produkter?\",\n      \"acceptedAnswer\": {\n        \"@type\": \"Answer\",\n        \"text\": \"V\u00e5ra produkter har en h\u00e5llbarhet p\u00e5 270 dagar om de f\u00f6rvaras p\u00e5 r\u00e4tt s\u00e4tt, antingen i kylsk\u00e5p eller p\u00e5 en sval och torr plats med max temperatur upp till +8\u00b0C.\"\n      }\n    },\n {\n      \"@type\": \"Question\",\n      \"name\": \"Hur ska jag f\u00f6rvara era produkter?\",\n      \"acceptedAnswer\": {\n        \"@type\": \"Answer\",\n        \"text\": \"F\u00f6r b\u00e4sta h\u00e5llbarhet, f\u00f6rvara v\u00e5ra produkter i kylsk\u00e5p eller p\u00e5 en sval och torr plats. Efter \u00f6ppning, se till att f\u00f6rpackningen \u00e4r v\u00e4l f\u00f6rseglad.\"\n      }\n    },\n    {\n      \"@type\": \"Question\",\n      \"name\": \"Kan jag frysa era produkter?\",\n      \"acceptedAnswer\": {\n        \"@type\": \"Answer\",\n        \"text\": \"Ja, du kan frysa v\u00e5ra produkter f\u00f6r att f\u00f6rl\u00e4nga h\u00e5llbarheten ytterligare.\"\n      }\n    },\n    {\n      \"@type\": \"Question\",\n      \"name\": \"\u00c4r era produkter ekologiska?\",\n      \"acceptedAnswer\": {\n        \"@type\": \"Answer\",\n        \"text\": \"Vi anv\u00e4nder endast h\u00f6gkvalitativa r\u00e5varor men de \u00e4r inte ekologiskt certifierade.\"\n      }\n    },\n{\n      \"@type\": \"Question\",\n      \"name\": \"Vad \u00e4r konserveringsmedel E250?\",\n      \"acceptedAnswer\": {\n        \"@type\": \"Answer\",\n        \"text\": \"E250, \u00e4ven k\u00e4nt som natriumnitrit, \u00e4r ett vanligt konserveringsmedel som anv\u00e4nds i k\u00f6ttprodukter som korv, bacon och charkvaror. Dess huvudsakliga funktion \u00e4r att f\u00f6rhindra tillv\u00e4xten av skadliga bakterier, s\u00e4rskilt Clostridium botulinum, som kan orsaka botulism, en allvarlig livsmedelsburen sjukdom.\n\nLivsmedelsverkets Rekommendationer\nLivsmedelsverket och andra myndigheter i EU har strikta regler f\u00f6r hur mycket natriumnitrit som f\u00e5r anv\u00e4ndas i livsmedel. Halterna \u00e4r noggrant reglerade f\u00f6r att s\u00e4kerst\u00e4lla att m\u00e4ngderna \u00e4r tillr\u00e4ckligt l\u00e5ga f\u00f6r att minska h\u00e4lsorisker men tillr\u00e4ckligt h\u00f6ga f\u00f6r att uppfylla sin konserverande funktion.\n\n\nLivsmedelsverket rekommenderar ocks\u00e5 att man varierar sin kost och inte \u00e4ter stora m\u00e4ngder charkprodukter dagligen f\u00f6r att minska risken f\u00f6r negativa h\u00e4lsoeffekter. De p\u00e5pekar \u00e4ven att en balanserad kost med mycket frukt, gr\u00f6nsaker och fibrer kan hj\u00e4lpa till att motverka eventuella skadliga effekter av nitrit.\n\n\nSammanfattningsvis \u00e4r E250 ett effektivt konserveringsmedel som bidrar till livsmedelss\u00e4kerhet, men som med alla tillsatser \u00e4r det viktigt att h\u00e5lla sig inom rekommenderade m\u00e4ngder f\u00f6r att minimera eventuella h\u00e4lsorisker.\"\n      }\n    },\n    {\n      \"@type\": \"Question\",\n      \"name\": \"Hur tillverkas era produkter?\",\n      \"acceptedAnswer\": {\n        \"@type\": \"Answer\",\n        \"text\": \"V\u00e5ra produkter tillverkas genom en traditionell process som innefattar noggrant utvalda r\u00e5varor, torkning och r\u00f6kning som \u00e4r lite speciellt designat f\u00f6r oss.\"\n      }\n    },\n    {\n      \"@type\": \"Question\",\n      \"name\": \"Var kommer ert k\u00f6tt ifr\u00e5n?\",\n      \"acceptedAnswer\": {\n        \"@type\": \"Answer\",\n        \"text\": \"Vi anv\u00e4nder k\u00f6tt fr\u00e5n stora Holl\u00e4ndska och Danska slakteriet.\"\n      }\n    },\n    {\n      \"@type\": \"Question\",\n      \"name\": \"Vilka typer av k\u00f6tt erbjuder ni?\",\n      \"acceptedAnswer\": {\n        \"@type\": \"Answer\",\n        \"text\": \"Vi erbjuder ett brett sortiment av lufttorkat och r\u00f6kt k\u00f6tt, inklusive n\u00f6tk\u00f6tt och fl\u00e4skk\u00f6tt.\"\n      }\n    },\n  {\n      \"@type\": \"Question\",\n      \"name\": \"Kan kunder fr\u00e5n andra EU-l\u00e4nder best\u00e4lla era produkter via webbutiken?\",\n      \"acceptedAnswer\": {\n        \"@type\": \"Answer\",\n        \"text\": \"F\u00f6r n\u00e4rvarande \u00e4r det inte m\u00f6jligt att best\u00e4lla v\u00e5ra produkter direkt via webbutiken f\u00f6r leverans utanf\u00f6r Sverige. Det \u00e4r dock m\u00f6jligt att g\u00f6ra en best\u00e4llning fr\u00e5n andra EU-l\u00e4nder genom att kontakta oss direkt via e-post p\u00e5 kundtjanst@eldsbergachark.se eller telefon +46 35 40965.\n\nI s\u00e5dana fall begr\u00e4nsar vi den minsta kombinerade produktvikten till 10 kilogram och informerar kunden om fraktkostnaden. Efter att vi mottagit betalningen p\u00e5 v\u00e5rt bankkonto skickar vi produkten och tillhandah\u00e5ller sp\u00e5rningsnumret till kunden.\n\"\n      }\n    },    \n{\n      \"@type\": \"Question\",\n      \"name\": \"\u00c4r era n\u00f6tk\u00f6tt produkter Halal-certifierade?\",\n      \"acceptedAnswer\": {\n        \"@type\": \"Answer\",\n        \"text\": \"Alla v\u00e5ra n\u00f6tk\u00f6ttsprodukter \u00e4r fr\u00e5n slakteriet som \u00e4r Halal-certifierade.\"\n      }\n    },\n{\n      \"@type\": \"Question\",\n      \"name\": \"Min k\u00f6tt eller korv b\u00f6rjar m\u00f6gla, vad g\u00f6r jag?\",\n      \"acceptedAnswer\": {\n        \"@type\": \"Answer\",\n        \"text\": \"M\u00f6gel \u00e4r tecken p\u00e5 att k\u00f6tt eller korv fortfarande mognar och det \u00e4r inte farligt att \u00e4ta p\u00e5 n\u00e5got s\u00e4tt, d\u00e4remot om produkten luktar illa d\u00e5 \u00e4r de tecken p\u00e5 att n\u00e5got \u00e4r fel och absolut skall inte \u00e4tas.\"\n      }\n    }\n  ]\n}\n<\/script>\n\n\n\t\t<\/div>\n\n\t\t\n<style>\n#section_1572100106 {\n  padding-top: 60px;\n  padding-bottom: 60px;\n  background-color: rgb(245, 245, 245);\n}\n<\/style>\n\t<\/section>\n\t\n\n","protected":false},"excerpt":{"rendered":"","protected":false},"author":1,"featured_media":545,"parent":0,"menu_order":0,"comment_status":"closed","ping_status":"closed","template":"page-transparent-header-light.php","meta":{"footnotes":""},"class_list":["post-1195","page","type-page","status-publish","has-post-thumbnail","hentry"],"_links":{"self":[{"href":"https:\/\/www.eldsbergachark.se\/bs\/wp-json\/wp\/v2\/pages\/1195","targetHints":{"allow":["GET"]}}],"collection":[{"href":"https:\/\/www.eldsbergachark.se\/bs\/wp-json\/wp\/v2\/pages"}],"about":[{"href":"https:\/\/www.eldsbergachark.se\/bs\/wp-json\/wp\/v2\/types\/page"}],"author":[{"embeddable":true,"href":"https:\/\/www.eldsbergachark.se\/bs\/wp-json\/wp\/v2\/users\/1"}],"replies":[{"embeddable":true,"href":"https:\/\/www.eldsbergachark.se\/bs\/wp-json\/wp\/v2\/comments?post=1195"}],"version-history":[{"count":0,"href":"https:\/\/www.eldsbergachark.se\/bs\/wp-json\/wp\/v2\/pages\/1195\/revisions"}],"wp:featuredmedia":[{"embeddable":true,"href":"https:\/\/www.eldsbergachark.se\/bs\/wp-json\/wp\/v2\/media\/545"}],"wp:attachment":[{"href":"https:\/\/www.eldsbergachark.se\/bs\/wp-json\/wp\/v2\/media?parent=1195"}],"curies":[{"name":"wp","href":"https:\/\/api.w.org\/{rel}","templated":true}]}}