{"id":1234,"date":"2024-05-16T10:01:00","date_gmt":"2024-05-16T08:01:00","guid":{"rendered":"https:\/\/www.eldsbergachark.se\/politika-povrata\/"},"modified":"2024-10-15T08:45:37","modified_gmt":"2024-10-15T06:45:37","slug":"politika-povrata","status":"publish","type":"page","link":"https:\/\/www.eldsbergachark.se\/bs\/politika-povrata\/","title":{"rendered":"Politika povrata"},"content":{"rendered":"\n\n  <div class=\"banner has-hover hide-for-small has-parallax\" id=\"banner-1379449283\">\n          <div class=\"banner-inner fill\">\n        <div class=\"banner-bg fill\" data-parallax=\"-4\" data-parallax-container=\".banner\" data-parallax-background>\n            <img loading=\"lazy\" decoding=\"async\" width=\"1020\" height=\"341\" src=\"https:\/\/www.eldsbergachark.se\/wp-content\/uploads\/2024\/08\/eldsberga-chark-lastbil-1-1200x401.webp\" class=\"bg attachment-large size-large\" alt=\"Kamion Eldsberga Chark na putu\" \/>                        <div class=\"overlay\"><\/div>            \n                    <\/div>\n\t\t\n        <div class=\"banner-layers container\">\n            <div class=\"fill banner-link\"><\/div>            \n\n   <div id=\"text-box-287684570\" class=\"text-box banner-layer x50 md-x50 lg-x50 y50 md-y50 lg-y50 res-text\">\n              <div data-parallax=\"-3\" data-parallax-fade=\"true\">       <div data-animate=\"fadeInUp\">           <div class=\"text-box-content text dark text-shadow-1\">\n              \n              <div class=\"text-inner text-center\">\n                  \n\n<h1>Politika povrata<\/h1>\n\n              <\/div>\n           <\/div>\n       <\/div>       <\/div>              \n<style>\n#text-box-287684570 {\n  width: 100%;\n}\n#text-box-287684570 .text-box-content {\n  font-size: 131%;\n}\n@media (min-width:550px) {\n  #text-box-287684570 {\n    width: 59%;\n  }\n  #text-box-287684570 .text-box-content {\n    font-size: 100%;\n  }\n}\n<\/style>\n    <\/div>\n \n\n        <\/div>\n      <\/div>\n\n            \n<style>\n#banner-1379449283 {\n  padding-top: 40vh;\n}\n#banner-1379449283 .overlay {\n  background-color: rgba(0, 0, 0, 0.27);\n}\n#banner-1379449283 .banner-bg img {\n  object-position: 49% 43%;\n}\n<\/style>\n  <\/div>\n\n\n\n  <div class=\"banner has-hover show-for-small has-parallax\" id=\"banner-29891394\">\n          <div class=\"banner-inner fill\">\n        <div class=\"banner-bg fill\" data-parallax=\"-4\" data-parallax-container=\".banner\" data-parallax-background>\n            <img loading=\"lazy\" decoding=\"async\" width=\"450\" height=\"800\" src=\"https:\/\/www.eldsbergachark.se\/wp-content\/uploads\/2024\/08\/eldsberga-chark-lastbil-1-m-450x800.webp\" class=\"bg attachment-large size-large\" alt=\"Kamion Eldsberga Chark na putu\" \/>                        <div class=\"overlay\"><\/div>            \n                    <\/div>\n\t\t\n        <div class=\"banner-layers container\">\n            <a class=\"fill\" href=\"http:\/\/Portfolio\" ><div class=\"fill banner-link\"><\/div><\/a>            \n\n   <div id=\"text-box-348009152\" class=\"text-box banner-layer x50 md-x50 lg-x50 y50 md-y50 lg-y50 res-text\">\n              <div data-parallax=\"-3\" data-parallax-fade=\"true\">       <div data-animate=\"fadeInUp\">           <div class=\"text-box-content text dark text-shadow-1\">\n              \n              <div class=\"text-inner text-center\">\n                  \n\n<h1>Politika povrata<\/h1>\n\n              <\/div>\n           <\/div>\n       <\/div>       <\/div>              \n<style>\n#text-box-348009152 {\n  width: 100%;\n}\n#text-box-348009152 .text-box-content {\n  font-size: 131%;\n}\n@media (min-width:550px) {\n  #text-box-348009152 {\n    width: 59%;\n  }\n  #text-box-348009152 .text-box-content {\n    font-size: 100%;\n  }\n}\n<\/style>\n    <\/div>\n \n\n        <\/div>\n      <\/div>\n\n              <div class=\"height-fix is-invisible\"><img loading=\"lazy\" decoding=\"async\" width=\"450\" height=\"800\" src=\"https:\/\/www.eldsbergachark.se\/wp-content\/uploads\/2024\/08\/eldsberga-chark-lastbil-1-m-450x800.webp\" class=\"attachment-large size-large\" alt=\"Kamion Eldsberga Chark na putu\" srcset=\"https:\/\/www.eldsbergachark.se\/wp-content\/uploads\/2024\/08\/eldsberga-chark-lastbil-1-m-450x800.webp 450w, https:\/\/www.eldsbergachark.se\/wp-content\/uploads\/2024\/08\/eldsberga-chark-lastbil-1-m-338x600.webp 338w, https:\/\/www.eldsbergachark.se\/wp-content\/uploads\/2024\/08\/eldsberga-chark-lastbil-1-m-768x1365.webp 768w, https:\/\/www.eldsbergachark.se\/wp-content\/uploads\/2024\/08\/eldsberga-chark-lastbil-1-m-864x1536.webp 864w, https:\/\/www.eldsbergachark.se\/wp-content\/uploads\/2024\/08\/eldsberga-chark-lastbil-1-m-800x1422.webp 800w, https:\/\/www.eldsbergachark.se\/wp-content\/uploads\/2024\/08\/eldsberga-chark-lastbil-1-m.webp 900w\" sizes=\"auto, (max-width: 450px) 100vw, 450px\" \/><\/div>\n            \n<style>\n#banner-29891394 .overlay {\n  background-color: rgba(0, 0, 0, 0.27);\n}\n#banner-29891394 .banner-bg img {\n  object-position: 49% 43%;\n}\n<\/style>\n  <\/div>\n\n\n\n\t<section class=\"section\" id=\"section_1191429306\">\n\t\t<div class=\"section-bg fill\" >\n\t\t\t\t\t\t\t\t\t<div class=\"section-bg-overlay absolute fill\"><\/div>\n\t\t\t\n\t<div class=\"is-border\"\n\t\tstyle=\"border-width:1px 0px 1px 0px;\">\n\t<\/div>\n\n\t\t<\/div>\n\n\t\t\n\n\t\t<div class=\"section-content relative\">\n\t\t\t\n\n<div class=\"row row-large align-center\"  id=\"row-1800617660\">\n\n\n\t<div id=\"col-1474979543\" class=\"col medium-9 small-12 large-9\"  >\n\t\t\t\t<div class=\"col-inner text-center\"  >\n\t\t\t\n\t\t\t\n\n\t<div id=\"gap-522093695\" class=\"gap-element clearfix\" style=\"display:block; height:auto;\">\n\t\t\n<style>\n#gap-522093695 {\n  padding-top: 40px;\n}\n<\/style>\n\t<\/div>\n\t\n\n\t<div id=\"text-4260585438\" class=\"text\">\n\t\t\n\n<p style=\"text-align: left;\">Mi u Eldsberga Chark uvijek te\u017eimo isporu\u010diti proizvode najvi\u0161e kvalitete. Ako iz bilo kojeg razloga niste zadovoljni svojom kupovinom, molimo pro\u010ditajte na\u0161u politiku povrata u nastavku. <\/p>\n<h3 style=\"text-align: left;\">1. Op\u0107i uvjeti<\/h3>\n<ul style=\"text-align: left;\">\n<li>\n<p><strong>Pravo na povrat:<\/strong> Pravo na povrat vrijedi samo ako ga Eldsberga Chark, Charkkompaniet AB odobri, pod uvjetom da je ambala\u017ea neo\u0161te\u0107ena i da je proizvod \u010duvan na temperaturi do +8\u00b0C.<\/p>\n<\/li>\n<li>\n<p><strong>Nepovratni proizvodi<\/strong>: Zbog higijenskih i zdravstvenih razloga, ne mo\u017eemo prihvatiti povrat otvorenih ili djelomi\u010dno kori\u0161tenih prehrambenih proizvoda.<\/p>\n<\/li>\n<\/ul>\n<h3 style=\"text-align: left;\">2. Proces povrata<\/h3>\n<ul style=\"text-align: left;\">\n<li>\n<p><strong>Kontaktirajte korisni\u010dku slu\u017ebu<\/strong>: Ako \u017eelite vratiti proizvod, kontaktirajte na\u0161u korisni\u010dku slu\u017ebu na kundjanst@eldsbergachark.se ili 035 40965 unutar 14 dana od primitka. Molimo navedite broj narud\u017ebe i razlog povrata. Molimo navedite broj narud\u017ebe i razlog povrata.<\/p>\n<\/li>\n<li>\n<p><strong>Odobrenje povrata<\/strong>: Na\u0161a korisni\u010dka slu\u017eba \u0107e pregledati va\u0161 zahtjev za povrat i poslati vam upute za povrat ako je odobreno.<\/p>\n<\/li>\n<li>\n<p><strong>Povrat novca<\/strong>: Nakon \u0161to primimo i pregledamo vra\u0107eni proizvod, obradit \u0107emo va\u0161 povrat novca. Povrat se vr\u0161i na isti na\u010din pla\u0107anja kori\u0161ten pri kupnji i mo\u017ee trajati do 10 radnih dana.<\/p>\n<\/li>\n<\/ul>\n<h3 style=\"text-align: left;\">3. O\u0161te\u0107eni ili neispravni proizvodi<\/h3>\n<ul style=\"text-align: left;\">\n<li>\n<p><strong>Prijem o\u0161te\u0107enih proizvoda<\/strong>: Ako ste primili o\u0161te\u0107eni ili neispravni proizvod, odmah kontaktirajte na\u0161u korisni\u010dku slu\u017ebu na kundjanst@eldsbergachark.se ili 035 40965. Po\u0161aljite slike o\u0161te\u0107enja ili gre\u0161ke te broj narud\u017ebe.<\/p>\n<\/li>\n<li>\n<p><strong>Mjere<\/strong>: Ponudit \u0107emo vam zamjenski proizvod ili povrat novca za o\u0161te\u0107eni ili neispravni proizvod. Mi pokrivamo tro\u0161kove povrata za o\u0161te\u0107ene ili neispravne proizvode.<\/p>\n<\/li>\n<\/ul>\n<h3 style=\"text-align: left;\">4. Tro\u0161kovi povrata<\/h3>\n<ul style=\"text-align: left;\">\n<li>\n<p><strong>Tro\u0161kovi povrata<\/strong>: Kupac snosi tro\u0161kove povrata, osim ako je proizvod o\u0161te\u0107en ili neispravan. Preporu\u010dujemo kori\u0161tenje usluge s pra\u0107enjem kako biste osigurali da primimo va\u0161 povrat.<\/p>\n<\/li>\n<li>\n<p><strong>Adresa za povrat:<\/strong> Vratite proizvode na sljede\u0107u adresu: Eldsberga Chark<strong>,<\/strong> Charkkompaniet AB, Kommunalhusv\u00e4gen 10, 305 97, Eldsberga<\/p>\n<\/li>\n<\/ul>\n<h3 style=\"text-align: left;\">5. Kontaktirajte nas<\/h3>\n<p style=\"text-align: left;\">Ako imate bilo kakvih pitanja u vezi s na\u0161om politikom povrata, molimo vas da nas kontaktirate na:<\/p>\n<ul style=\"text-align: left;\">\n<li><strong>E-mail<\/strong>: kundjanst@eldsbergachark.se<\/li>\n<li><strong>Telefon<\/strong>: 035 40965<\/li>\n<li><strong>Adresa<\/strong>: Eldsberga Chark, Charkkompaniet AB<strong>, <\/strong>Kommunalhusv\u00e4gen 10, 305 97, Eldsberga<\/li>\n<\/ul>\n<p style=\"text-align: left;\">Cijenimo va\u0161e povjerenje i nadamo se da ste zadovoljni na\u0161im proizvodima i uslugom. Hvala \u0161to kupujete kod Eldsberga Chark!<\/p>\n\t\t\n<style>\n#text-4260585438 {\n  font-size: 1rem;\n}\n<\/style>\n\t<\/div>\n\t\n\n\t\t<\/div>\n\t\t\t\t\t<\/div>\n\n\t\n\n<\/div>\n\n\t\t<\/div>\n\n\t\t\n<style>\n#section_1191429306 {\n  padding-top: 60px;\n  padding-bottom: 60px;\n  background-color: rgb(207, 207, 207);\n}\n#section_1191429306 .section-bg-overlay {\n  background-color: rgba(255, 255, 255, 0.85);\n}\n<\/style>\n\t<\/section>\n\t\n\n","protected":false},"excerpt":{"rendered":"","protected":false},"author":1,"featured_media":1235,"parent":0,"menu_order":0,"comment_status":"closed","ping_status":"closed","template":"page-transparent-header-light.php","meta":{"footnotes":""},"class_list":["post-1234","page","type-page","status-publish","has-post-thumbnail","hentry"],"_links":{"self":[{"href":"https:\/\/www.eldsbergachark.se\/bs\/wp-json\/wp\/v2\/pages\/1234","targetHints":{"allow":["GET"]}}],"collection":[{"href":"https:\/\/www.eldsbergachark.se\/bs\/wp-json\/wp\/v2\/pages"}],"about":[{"href":"https:\/\/www.eldsbergachark.se\/bs\/wp-json\/wp\/v2\/types\/page"}],"author":[{"embeddable":true,"href":"https:\/\/www.eldsbergachark.se\/bs\/wp-json\/wp\/v2\/users\/1"}],"replies":[{"embeddable":true,"href":"https:\/\/www.eldsbergachark.se\/bs\/wp-json\/wp\/v2\/comments?post=1234"}],"version-history":[{"count":0,"href":"https:\/\/www.eldsbergachark.se\/bs\/wp-json\/wp\/v2\/pages\/1234\/revisions"}],"wp:featuredmedia":[{"embeddable":true,"href":"https:\/\/www.eldsbergachark.se\/bs\/wp-json\/wp\/v2\/media\/1235"}],"wp:attachment":[{"href":"https:\/\/www.eldsbergachark.se\/bs\/wp-json\/wp\/v2\/media?parent=1234"}],"curies":[{"name":"wp","href":"https:\/\/api.w.org\/{rel}","templated":true}]}}