{"id":2167,"date":"2024-09-09T15:54:20","date_gmt":"2024-09-09T13:54:20","guid":{"rendered":"https:\/\/www.eldsbergachark.se\/informacije-o-dostavi\/"},"modified":"2025-09-05T17:37:55","modified_gmt":"2025-09-05T15:37:55","slug":"informacije-o-dostavi","status":"publish","type":"page","link":"https:\/\/www.eldsbergachark.se\/bs\/informacije-o-dostavi\/","title":{"rendered":"Informacije o dostavi"},"content":{"rendered":"\n\n  <div class=\"banner has-hover hide-for-small has-parallax\" id=\"banner-579040371\">\n          <div class=\"banner-inner fill\">\n        <div class=\"banner-bg fill\" data-parallax=\"-4\" data-parallax-container=\".banner\" data-parallax-background>\n            <img loading=\"lazy\" decoding=\"async\" width=\"1020\" height=\"573\" src=\"https:\/\/www.eldsbergachark.se\/wp-content\/uploads\/2024\/09\/eldsberga-chark-leveransinformation-1200x674.webp\" class=\"bg attachment-large size-large\" alt=\"Eldsberga Chark informacije o isporuci\" \/>                        <div class=\"overlay\"><\/div>            \n                    <\/div>\n\t\t\n        <div class=\"banner-layers container\">\n            <div class=\"fill banner-link\"><\/div>            \n\n   <div id=\"text-box-690436889\" class=\"text-box banner-layer x50 md-x50 lg-x50 y50 md-y50 lg-y50 res-text\">\n              <div data-parallax=\"-3\" data-parallax-fade=\"true\">       <div data-animate=\"fadeInUp\">           <div class=\"text-box-content text dark text-shadow-1\">\n              \n              <div class=\"text-inner text-center\">\n                  \n\n<h1>Leveransinformation<\/h1>\n\n              <\/div>\n           <\/div>\n       <\/div>       <\/div>              \n<style>\n#text-box-690436889 {\n  width: 100%;\n}\n#text-box-690436889 .text-box-content {\n  font-size: 131%;\n}\n@media (min-width:550px) {\n  #text-box-690436889 {\n    width: 59%;\n  }\n  #text-box-690436889 .text-box-content {\n    font-size: 100%;\n  }\n}\n<\/style>\n    <\/div>\n \n\n        <\/div>\n      <\/div>\n\n            \n<style>\n#banner-579040371 {\n  padding-top: 40vh;\n}\n#banner-579040371 .overlay {\n  background-color: rgba(0, 0, 0, 0.27);\n}\n#banner-579040371 .banner-bg img {\n  object-position: 49% 43%;\n}\n<\/style>\n  <\/div>\n\n\n\n  <div class=\"banner has-hover show-for-small has-parallax\" id=\"banner-1191226711\">\n          <div class=\"banner-inner fill\">\n        <div class=\"banner-bg fill\" data-parallax=\"-4\" data-parallax-container=\".banner\" data-parallax-background>\n            <img loading=\"lazy\" decoding=\"async\" width=\"450\" height=\"800\" src=\"https:\/\/www.eldsbergachark.se\/wp-content\/uploads\/2024\/09\/eldsberga-chark-leveransinformation-m-450x800.webp\" class=\"bg attachment-large size-large\" alt=\"eldsberga-chark-informacije-o-isporuci\" \/>                        <div class=\"overlay\"><\/div>            \n                    <\/div>\n\t\t\n        <div class=\"banner-layers container\">\n            <div class=\"fill banner-link\"><\/div>            \n\n   <div id=\"text-box-958023850\" class=\"text-box banner-layer x50 md-x50 lg-x50 y50 md-y50 lg-y50 res-text\">\n              <div data-parallax=\"-3\" data-parallax-fade=\"true\">       <div data-animate=\"fadeInUp\">           <div class=\"text-box-content text dark text-shadow-1\">\n              \n              <div class=\"text-inner text-center\">\n                  \n\n<h1>Leveransinformation<\/h1>\n\n              <\/div>\n           <\/div>\n       <\/div>       <\/div>              \n<style>\n#text-box-958023850 {\n  width: 100%;\n}\n#text-box-958023850 .text-box-content {\n  font-size: 131%;\n}\n@media (min-width:550px) {\n  #text-box-958023850 {\n    width: 59%;\n  }\n  #text-box-958023850 .text-box-content {\n    font-size: 100%;\n  }\n}\n<\/style>\n    <\/div>\n \n\n        <\/div>\n      <\/div>\n\n            \n<style>\n#banner-1191226711 {\n  padding-top: 40vh;\n}\n#banner-1191226711 .overlay {\n  background-color: rgba(0, 0, 0, 0.27);\n}\n#banner-1191226711 .banner-bg img {\n  object-position: 49% 43%;\n}\n<\/style>\n  <\/div>\n\n\n\n\t<section class=\"section\" id=\"section_1075156743\">\n\t\t<div class=\"section-bg fill\" >\n\t\t\t\t\t\t\t\t\t<div class=\"section-bg-overlay absolute fill\"><\/div>\n\t\t\t\n\t<div class=\"is-border\"\n\t\tstyle=\"border-width:1px 0px 1px 0px;\">\n\t<\/div>\n\n\t\t<\/div>\n\n\t\t\n\n\t\t<div class=\"section-content relative\">\n\t\t\t\n\n<div class=\"row row-large align-center\"  id=\"row-270740686\">\n\n\n\t<div id=\"col-1144911836\" class=\"col medium-9 small-12 large-9\"  >\n\t\t\t\t<div class=\"col-inner text-center\"  >\n\t\t\t\n\t\t\t\n\n\t<div id=\"text-442115271\" class=\"text\">\n\t\t\n\n<p class=\"p1\">Vi str\u00e4var efter att erbjuda snabba och s\u00e4kra leveranser av v\u00e5ra produkter direkt till ditt n\u00e4rmaste utl\u00e4mningsst\u00e4lle. H\u00e4r hittar du all information om v\u00e5r leveransprocess och fraktalternativ.<\/p>\n<h3 class=\"p1\">Leveranstid och orderhantering<\/h3>\n<ul class=\"ul1\">\n<li class=\"li1\">\n<p>Vi g\u00f6r v\u00e5rt b\u00e4sta f\u00f6r att behandla alla best\u00e4llningar s\u00e5 snabbt som m\u00f6jligt. Vanligtvis skickas de <strong>n\u00e4stkommande arbetsdag<\/strong>, s\u00e5 l\u00e4nge det inte \u00e4r en dag f\u00f6re helg eller r\u00f6d dag.<\/p>\n<\/li>\n<li class=\"li1\">\n<p>I vissa fall kan orderhantering ta mellan <strong>en och tre arbetsdagar<\/strong>, beroende p\u00e5 volym och arbetsbelastning.<\/p>\n<\/li>\n<li>Observera att om best\u00e4llningen g\u00f6rs p\u00e5 en r\u00f6d dag, kommer den att behandlas n\u00e4stkommande arbetsdag.<\/li>\n<\/ul>\n<h3 class=\"p1\">Leveranstid<\/h3>\n<ul class=\"ul1\">\n<li class=\"li1\">N\u00e4r din best\u00e4llning har skickats kan du vanligtvis f\u00f6rv\u00e4nta dig att f\u00e5 din leverans <b>inom 1-2 arbetsdagar<\/b> beroende p\u00e5 din plats i Sverige.<\/li>\n<li class=\"li1\">Notera att leveranstiderna kan variera n\u00e5got beroende p\u00e5 var i landet du befinner dig.<\/li>\n<\/ul>\n<h3 class=\"p1\">Leveranss\u00e4tt<\/h3>\n<p class=\"p1\">Vi anv\u00e4nder oss av <b>Postnord MyPack Collect<\/b>, vilket inneb\u00e4r att din best\u00e4llning levereras till ditt n\u00e4rmaste utl\u00e4mningsst\u00e4lle. Du kan enkelt f\u00f6lja och sp\u00e5ra din leverans via <b>Postnords app<\/b> eller deras hemsida.<\/p>\n<h3 class=\"p1\">Fraktkostnader<\/h3>\n<p class=\"p1\">Vi erbjuder konkurrenskraftiga fraktpriser baserade p\u00e5 vikten av din best\u00e4llning:<\/p>\n<ul class=\"ul1\">\n<li class=\"li1\"><b>129 kr<\/b> f\u00f6r leveranser upp till 4 kg.<\/li>\n<li class=\"li1\"><b>215 kr<\/b> f\u00f6r leveranser mellan 4 kg och 9 kg.<\/li>\n<li class=\"li1\"><b>Fri frakt<\/b> f\u00f6r alla best\u00e4llningar \u00f6ver 9 kg.<\/li>\n<\/ul>\n<h3 class=\"p1\">Sp\u00e5rning av paket<\/h3>\n<p class=\"p1\">Alla v\u00e5ra leveranser \u00e4r sp\u00e5rbara. N\u00e4r du har gjort en best\u00e4llning kommer du att f\u00e5 ett bekr\u00e4ftelsemejl som bekr\u00e4ftar din order. N\u00e4r din best\u00e4llning har blivit packad och registrerad f\u00f6r leverans f\u00e5r du ytterligare ett mejl som informerar dig om att f\u00f6rs\u00e4ndelsen \u00e4r redo att skickas. Samtidigt kommer du att f\u00e5 en leveransavisering i din Postnord-app, d\u00e4r du kan f\u00f6lja f\u00f6rs\u00e4ndelsen i realtid.<\/p>\n<h3 class=\"p1\">F\u00f6rpackning och kvalitetss\u00e4kring<\/h3>\n<p class=\"p1\">F\u00f6r att s\u00e4kerst\u00e4lla att v\u00e5ra produkter beh\u00e5ller sin f\u00e4rskhet och kvalitet under transport, packas allt k\u00f6tt vakuumf\u00f6rpackat och med omsorg. Vi anv\u00e4nder material som skyddar produkterna fr\u00e5n eventuella skador och h\u00e5ller dem f\u00e4rska under leveransen.<\/p>\n<h3 class=\"p1\">Leverans till andra EU l\u00e4nder<\/h3>\n<p class=\"p1\">F\u00f6r n\u00e4rvarande \u00e4r det inte m\u00f6jligt att best\u00e4lla v\u00e5ra produkter direkt via webbutiken f\u00f6r leverans utanf\u00f6r Sverige. Det \u00e4r dock m\u00f6jligt att g\u00f6ra en best\u00e4llning fr\u00e5n andra EU-l\u00e4nder genom att kontakta oss direkt via e-post p\u00e5 kundtjanst@eldsbergachark.se eller telefon +46 35 40965.<\/p>\n<p class=\"p1\">I s\u00e5dana fall begr\u00e4nsar vi den minsta kombinerade produktvikten till 10 kilogram och informerar kunden om fraktkostnaden. Efter att vi mottagit betalningen p\u00e5 v\u00e5rt bankkonto skickar vi produkten och tillhandah\u00e5ller sp\u00e5rningsnumret till kunden.<\/p>\n<h3 class=\"p1\">Fr\u00e5gor om leverans?<\/h3>\n<p class=\"p1\">Om du har n\u00e5gra fr\u00e5gor ang\u00e5ende leverans eller din best\u00e4llning, tveka inte att kontakta oss p\u00e5 <b>kundtjanst@eldsbergachark.se <\/b>eller ring oss p\u00e5<b> 035 40965<\/b>. Vi hj\u00e4lper dig g\u00e4rna!<\/p>\n\t\t\n<style>\n#text-442115271 {\n  text-align: left;\n}\n<\/style>\n\t<\/div>\n\t\n\n\t\t<\/div>\n\t\t\t\t\t<\/div>\n\n\t\n\n<\/div>\n\n\t\t<\/div>\n\n\t\t\n<style>\n#section_1075156743 {\n  padding-top: 60px;\n  padding-bottom: 60px;\n  background-color: rgb(207, 207, 207);\n}\n#section_1075156743 .section-bg-overlay {\n  background-color: rgba(255, 255, 255, 0.85);\n}\n<\/style>\n\t<\/section>\n\t\n\n","protected":false},"excerpt":{"rendered":"","protected":false},"author":1,"featured_media":2160,"parent":0,"menu_order":0,"comment_status":"closed","ping_status":"closed","template":"page-transparent-header-light.php","meta":{"footnotes":""},"class_list":["post-2167","page","type-page","status-publish","has-post-thumbnail","hentry"],"_links":{"self":[{"href":"https:\/\/www.eldsbergachark.se\/bs\/wp-json\/wp\/v2\/pages\/2167","targetHints":{"allow":["GET"]}}],"collection":[{"href":"https:\/\/www.eldsbergachark.se\/bs\/wp-json\/wp\/v2\/pages"}],"about":[{"href":"https:\/\/www.eldsbergachark.se\/bs\/wp-json\/wp\/v2\/types\/page"}],"author":[{"embeddable":true,"href":"https:\/\/www.eldsbergachark.se\/bs\/wp-json\/wp\/v2\/users\/1"}],"replies":[{"embeddable":true,"href":"https:\/\/www.eldsbergachark.se\/bs\/wp-json\/wp\/v2\/comments?post=2167"}],"version-history":[{"count":0,"href":"https:\/\/www.eldsbergachark.se\/bs\/wp-json\/wp\/v2\/pages\/2167\/revisions"}],"wp:featuredmedia":[{"embeddable":true,"href":"https:\/\/www.eldsbergachark.se\/bs\/wp-json\/wp\/v2\/media\/2160"}],"wp:attachment":[{"href":"https:\/\/www.eldsbergachark.se\/bs\/wp-json\/wp\/v2\/media?parent=2167"}],"curies":[{"name":"wp","href":"https:\/\/api.w.org\/{rel}","templated":true}]}}