{"id":1167,"date":"2024-05-13T14:08:57","date_gmt":"2024-05-13T12:08:57","guid":{"rendered":"https:\/\/www.eldsbergachark.se\/produkt\/suho-meso-s-bijelim-lukom\/"},"modified":"2024-10-23T14:27:55","modified_gmt":"2024-10-23T12:27:55","slug":"suho-meso-s-bijelim-lukom","status":"publish","type":"product","link":"https:\/\/www.eldsbergachark.se\/bs\/proizvod\/suho-meso-s-bijelim-lukom\/","title":{"rendered":"Suho meso s bijelim lukom"},"content":{"rendered":"<p>Na\u0161e suho meso s bijelim lukom pripremamo i su\u0161imo s pa\u017enjom i predano\u0161\u0107u kako bi meso imalo hrskavu vanjsku strukturu te so\u010dnu i mekanu unutra\u0161njost. Soljenjem gove\u0111ih filea stvaramo osnovu za sljede\u0107i proces, a to je su\u0161enje na tradicionalan na\u010din koji doprinosi razvoju suptilnih i prepoznatljivih aroma mesa. Suho meso s bijelim lukom je odli\u010dan izbor za razne prilike i jelovnike, jer isti\u010de su\u0161tinu okusa mesa s interesantnim zaokretom.<\/p>\n","protected":false},"excerpt":{"rendered":"<p>Suho meso s bijelim lukom je ukusna varijacija na\u0161e tradicionalne i autenti\u010dne mesne delicije. Bijeli luk daje suhom mesu dozu pikantnosti, ali se tako\u0111er savr\u0161eno sla\u017ee s prirodnim okusom govedine.<\/p>\n<p>Odaberite \u017eeljeni broj kilograma i kliknite na dugme &#8220;Dodaj u korpu&#8221;.<\/p>\n","protected":false},"featured_media":1745,"comment_status":"open","ping_status":"closed","template":"","meta":[],"product_brand":[],"product_cat":[122],"product_tag":[125,124,123],"class_list":{"0":"post-1167","1":"product","2":"type-product","3":"status-publish","4":"has-post-thumbnail","6":"product_cat-govedina","7":"product_tag-bijeli-luk","8":"product_tag-dimljena","9":"product_tag-govedina","10":"product_shipping_class-light-parcel","12":"first","13":"instock","14":"taxable","15":"shipping-taxable","16":"purchasable","17":"product-type-simple"},"_links":{"self":[{"href":"https:\/\/www.eldsbergachark.se\/bs\/wp-json\/wp\/v2\/product\/1167","targetHints":{"allow":["GET"]}}],"collection":[{"href":"https:\/\/www.eldsbergachark.se\/bs\/wp-json\/wp\/v2\/product"}],"about":[{"href":"https:\/\/www.eldsbergachark.se\/bs\/wp-json\/wp\/v2\/types\/product"}],"replies":[{"embeddable":true,"href":"https:\/\/www.eldsbergachark.se\/bs\/wp-json\/wp\/v2\/comments?post=1167"}],"wp:featuredmedia":[{"embeddable":true,"href":"https:\/\/www.eldsbergachark.se\/bs\/wp-json\/wp\/v2\/media\/1745"}],"wp:attachment":[{"href":"https:\/\/www.eldsbergachark.se\/bs\/wp-json\/wp\/v2\/media?parent=1167"}],"wp:term":[{"taxonomy":"product_brand","embeddable":true,"href":"https:\/\/www.eldsbergachark.se\/bs\/wp-json\/wp\/v2\/product_brand?post=1167"},{"taxonomy":"product_cat","embeddable":true,"href":"https:\/\/www.eldsbergachark.se\/bs\/wp-json\/wp\/v2\/product_cat?post=1167"},{"taxonomy":"product_tag","embeddable":true,"href":"https:\/\/www.eldsbergachark.se\/bs\/wp-json\/wp\/v2\/product_tag?post=1167"}],"curies":[{"name":"wp","href":"https:\/\/api.w.org\/{rel}","templated":true}]}}