{"id":1186,"date":"2024-05-13T08:13:32","date_gmt":"2024-05-13T06:13:32","guid":{"rendered":"https:\/\/www.eldsbergachark.se\/produkt\/bosanski-sudzuk-s-paprikom-450g-vakumiran\/"},"modified":"2024-10-23T12:29:49","modified_gmt":"2024-10-23T10:29:49","slug":"bosanski-sudzuk-s-paprikom-450g","status":"publish","type":"product","link":"https:\/\/www.eldsbergachark.se\/bs\/proizvod\/bosanski-sudzuk-s-paprikom-450g\/","title":{"rendered":"Bosanski sud\u017euk s paprikom, 450g"},"content":{"rendered":"<p>Ime poti\u010de od turske rije\u010di &#8220;Sucuk&#8221; i zna\u010di kobasica. Dubok i bogat okus su\u0161enog i dimljenog gove\u0111eg mesa rezultat je pa\u017eljivo odabrane mje\u0161avine visokokvalitetnog mljevenog mesa i pa\u017eljivo odabranih tradicionalnih za\u010dina i dodataka. Ono na \u0161to smo posebno ponosni je \u010dinjenica da na\u0161 Bosanski sud\u017euk s bijelim lukom ne sadr\u017ei nikakve aditive ili umjetne poja\u010diva\u010de okusa. Osim toga, samo crijevo sud\u017euke je \u017eivotinjskog porijekla, a ne plastika, \u0161to je dalo autenti\u010dan okus i eliminiralo rizik od unosa mikroplastike iz crijeva. Na\u0161 Bosanski sud\u017euk s bijelim lukom pretvara svaki dan u slavlje i vra\u0107a sje\u0107anja na tradicionalne okuse koje \u017eelimo o\u010duvati za budu\u0107e generacije.<\/p>\n","protected":false},"excerpt":{"rendered":"<p>Jedan od najpoznatijih proizvoda od su\u0161enog i dimljenog gove\u0111eg mesa, Bosanski sud\u017euk s bijelim lukom, \u010diji je recept karakteristi\u010dan za Bosnu i Hercegovinu, ali se \u010desto mo\u017ee na\u0107i u cijeloj balkanskoj regiji. Da bismo dodatno pobolj\u0161ali okus, dodali smo bijeli luk i napravili ovu kobasicu pravim premium proizvodom koji \u0107e cijeniti i najzahtjevniji ljubitelji mesa.<\/p>\n<p>Odaberite \u017eeljeni broj komada i kliknite na dugme &#8220;Dodaj u korpu&#8221;.<\/p>\n","protected":false},"featured_media":1741,"comment_status":"open","ping_status":"closed","template":"","meta":[],"product_brand":[],"product_cat":[122],"product_tag":[128,123,138,129,130],"class_list":{"0":"post-1186","1":"product","2":"type-product","3":"status-publish","4":"has-post-thumbnail","6":"product_cat-govedina","7":"product_tag-bosanski","8":"product_tag-govedina","9":"product_tag-kobasica","10":"product_tag-sudzuk-bs","11":"product_tag-sudzuka-bs","13":"first","14":"instock","15":"taxable","16":"shipping-taxable","17":"purchasable","18":"product-type-simple"},"_links":{"self":[{"href":"https:\/\/www.eldsbergachark.se\/bs\/wp-json\/wp\/v2\/product\/1186","targetHints":{"allow":["GET"]}}],"collection":[{"href":"https:\/\/www.eldsbergachark.se\/bs\/wp-json\/wp\/v2\/product"}],"about":[{"href":"https:\/\/www.eldsbergachark.se\/bs\/wp-json\/wp\/v2\/types\/product"}],"replies":[{"embeddable":true,"href":"https:\/\/www.eldsbergachark.se\/bs\/wp-json\/wp\/v2\/comments?post=1186"}],"wp:featuredmedia":[{"embeddable":true,"href":"https:\/\/www.eldsbergachark.se\/bs\/wp-json\/wp\/v2\/media\/1741"}],"wp:attachment":[{"href":"https:\/\/www.eldsbergachark.se\/bs\/wp-json\/wp\/v2\/media?parent=1186"}],"wp:term":[{"taxonomy":"product_brand","embeddable":true,"href":"https:\/\/www.eldsbergachark.se\/bs\/wp-json\/wp\/v2\/product_brand?post=1186"},{"taxonomy":"product_cat","embeddable":true,"href":"https:\/\/www.eldsbergachark.se\/bs\/wp-json\/wp\/v2\/product_cat?post=1186"},{"taxonomy":"product_tag","embeddable":true,"href":"https:\/\/www.eldsbergachark.se\/bs\/wp-json\/wp\/v2\/product_tag?post=1186"}],"curies":[{"name":"wp","href":"https:\/\/api.w.org\/{rel}","templated":true}]}}