{"id":1197,"date":"2024-05-13T13:44:01","date_gmt":"2024-05-13T11:44:01","guid":{"rendered":"https:\/\/www.eldsbergachark.se\/produkt\/suha-zarebnica\/"},"modified":"2024-10-23T12:37:34","modified_gmt":"2024-10-23T10:37:34","slug":"suha-zarebnica","status":"publish","type":"product","link":"https:\/\/www.eldsbergachark.se\/bs\/proizvod\/suha-zarebnica\/","title":{"rendered":"Suha zarebnica"},"content":{"rendered":"<p>Na\u0161 recept za suhu zarebnicu je poseban po tome \u0161to podrazumijeva samo minimalnu dozu za\u010dina, te ima cilj da istakne prirodne okuse mesa. Izrezani komad na\u0161eg mesa ima ravnomjernu strukturu i mramornu teksturu, te ga karakteri\u0161e so\u010dnost i meko\u0107a. Nare\u017eite zarebnicu za mesnu platu, iskoristite je kao glavni sastav sendvi\u010da ili kao savr\u0161eno hladno predjelo uz kvalitetan sir. Suha zarebnica je izvrstan izbor za one koji tra\u017ee ekskluzivno gurmansko iskustvo. Su\u0161ena je na vje\u0161alici i zadr\u017eava prirodni oblik.<\/p>\n","protected":false},"excerpt":{"rendered":"<p>Suha zarebnica, na\u0161a luksuzna gove\u0111a delikatesa ima bogat i dubok ukus i jedna je od najpopularnijih proizvoda iz na\u0161e ponude. Zbog sporog i laganog dimljenja na niskim temperaturama dobija odli\u010dno izbalansiran ukus, u kojem prevladava doza slano\u0107e.<\/p>\n<p>Odaberite \u017eeljeni broj kilograma i kliknite na dugme &#8220;Dodaj u korpu&#8221;.<\/p>\n","protected":false},"featured_media":1743,"comment_status":"open","ping_status":"closed","template":"","meta":[],"product_brand":[],"product_cat":[122],"product_tag":[123,135,141],"class_list":{"0":"post-1197","1":"product","2":"type-product","3":"status-publish","4":"has-post-thumbnail","6":"product_cat-govedina","7":"product_tag-govedina","8":"product_tag-hladno-suseno","9":"product_tag-prsut","10":"product_shipping_class-light-parcel","12":"first","13":"instock","14":"taxable","15":"shipping-taxable","16":"purchasable","17":"product-type-simple"},"_links":{"self":[{"href":"https:\/\/www.eldsbergachark.se\/bs\/wp-json\/wp\/v2\/product\/1197","targetHints":{"allow":["GET"]}}],"collection":[{"href":"https:\/\/www.eldsbergachark.se\/bs\/wp-json\/wp\/v2\/product"}],"about":[{"href":"https:\/\/www.eldsbergachark.se\/bs\/wp-json\/wp\/v2\/types\/product"}],"replies":[{"embeddable":true,"href":"https:\/\/www.eldsbergachark.se\/bs\/wp-json\/wp\/v2\/comments?post=1197"}],"wp:featuredmedia":[{"embeddable":true,"href":"https:\/\/www.eldsbergachark.se\/bs\/wp-json\/wp\/v2\/media\/1743"}],"wp:attachment":[{"href":"https:\/\/www.eldsbergachark.se\/bs\/wp-json\/wp\/v2\/media?parent=1197"}],"wp:term":[{"taxonomy":"product_brand","embeddable":true,"href":"https:\/\/www.eldsbergachark.se\/bs\/wp-json\/wp\/v2\/product_brand?post=1197"},{"taxonomy":"product_cat","embeddable":true,"href":"https:\/\/www.eldsbergachark.se\/bs\/wp-json\/wp\/v2\/product_cat?post=1197"},{"taxonomy":"product_tag","embeddable":true,"href":"https:\/\/www.eldsbergachark.se\/bs\/wp-json\/wp\/v2\/product_tag?post=1197"}],"curies":[{"name":"wp","href":"https:\/\/api.w.org\/{rel}","templated":true}]}}