{"id":1200,"date":"2024-05-13T13:32:44","date_gmt":"2024-05-13T11:32:44","guid":{"rendered":"https:\/\/www.eldsbergachark.se\/produkt\/suhi-ramstek\/"},"modified":"2024-10-23T12:35:57","modified_gmt":"2024-10-23T10:35:57","slug":"suhi-ramstek","status":"publish","type":"product","link":"https:\/\/www.eldsbergachark.se\/bs\/proizvod\/suhi-ramstek\/","title":{"rendered":"Suhi ramstek"},"content":{"rendered":"<p>Suhi ramstek je dio mesa koji potje\u010de s le\u0111a goveda, izme\u0111u rebara i slabine. Obzirom da je ovaj mi\u0161i\u0107 slabo kori\u0161ten, odlikuju ga masne niti, koje pridonose so\u010dnosti i dubini okusa. Genom noggrant utvalda bitar av n\u00f6tk\u00f6tt s\u00e4kerst\u00e4ller vi h\u00f6gsta kvalitet f\u00f6r varje biff och d\u00e4rf\u00f6r \u00e4r v\u00e5r entrec\u00f4te ofta ett popul\u00e4rt val f\u00f6r festliga tillf\u00e4llen och gourmetm\u00e5ltider. Lako se re\u017ee, ima blag miris mesa i topi se u ustima! Rije\u010d &#8220;entrec\u00f4te&#8221; dolazi iz francuskog jezika i zna\u010di &#8220;izme\u0111u rebara&#8221;.<\/p>\n","protected":false},"excerpt":{"rendered":"<p>Pa\u017eljivo odabranim komadima gove\u0111eg mesa osiguravamo najvi\u0161i kvalitet za svaki odrezak, zbog \u010dega je na\u0161 suhi ramstek \u010desto popularan izbor za sve\u010dane prilike i gurmanske obroke. Rezultat ovog procesa je autenti\u010dan, slo\u017een i bogat okus govedine s blagim ora\u0161astim tonovima.<\/p>\n<p>Odaberite \u017eeljeni broj kilograma i kliknite na dugme &#8220;Dodaj u korpu&#8221;.<\/p>\n","protected":false},"featured_media":1737,"comment_status":"open","ping_status":"closed","template":"","meta":[],"product_brand":[],"product_cat":[122],"product_tag":[123,133],"class_list":{"0":"post-1200","1":"product","2":"type-product","3":"status-publish","4":"has-post-thumbnail","6":"product_cat-govedina","7":"product_tag-govedina","8":"product_tag-ramstek","9":"product_shipping_class-light-parcel","11":"first","12":"instock","13":"taxable","14":"shipping-taxable","15":"purchasable","16":"product-type-simple"},"_links":{"self":[{"href":"https:\/\/www.eldsbergachark.se\/bs\/wp-json\/wp\/v2\/product\/1200","targetHints":{"allow":["GET"]}}],"collection":[{"href":"https:\/\/www.eldsbergachark.se\/bs\/wp-json\/wp\/v2\/product"}],"about":[{"href":"https:\/\/www.eldsbergachark.se\/bs\/wp-json\/wp\/v2\/types\/product"}],"replies":[{"embeddable":true,"href":"https:\/\/www.eldsbergachark.se\/bs\/wp-json\/wp\/v2\/comments?post=1200"}],"wp:featuredmedia":[{"embeddable":true,"href":"https:\/\/www.eldsbergachark.se\/bs\/wp-json\/wp\/v2\/media\/1737"}],"wp:attachment":[{"href":"https:\/\/www.eldsbergachark.se\/bs\/wp-json\/wp\/v2\/media?parent=1200"}],"wp:term":[{"taxonomy":"product_brand","embeddable":true,"href":"https:\/\/www.eldsbergachark.se\/bs\/wp-json\/wp\/v2\/product_brand?post=1200"},{"taxonomy":"product_cat","embeddable":true,"href":"https:\/\/www.eldsbergachark.se\/bs\/wp-json\/wp\/v2\/product_cat?post=1200"},{"taxonomy":"product_tag","embeddable":true,"href":"https:\/\/www.eldsbergachark.se\/bs\/wp-json\/wp\/v2\/product_tag?post=1200"}],"curies":[{"name":"wp","href":"https:\/\/api.w.org\/{rel}","templated":true}]}}