{"id":1207,"date":"2024-05-13T10:21:18","date_gmt":"2024-05-13T08:21:18","guid":{"rendered":"https:\/\/www.eldsbergachark.se\/produkt\/slanina\/"},"modified":"2024-10-23T12:30:12","modified_gmt":"2024-10-23T10:30:12","slug":"slanina","status":"publish","type":"product","link":"https:\/\/www.eldsbergachark.se\/bs\/proizvod\/slanina\/","title":{"rendered":"Slanina"},"content":{"rendered":"<p>Osnovna razlika izme\u0111u pancete i slanine je u na\u010dinu su\u0161enja. Dok se panceta su\u0161i na otvorenom prostoru uz jak vjetar, slanina se uz su\u0161enje na vjetru dodatno i dimi. Dimljenjem slanina dobija svoj intenzivni miris i bogatu aromu, a zadr\u017eava slano\u0107u koja joj je karakteristi\u010dna. Obzirom da se za slaninu naj\u010de\u0161\u0107e koriste komadi svinjske potrbu\u0161ine, va\u017eno je na\u0107i ravnote\u017eu izme\u0111u mesa i masno\u0107e. Omjer masnog i mesnog dijela kod na\u0161e slanine je ravnomjeran, \u0161to rezultira savr\u0161enom kombinacijom okusa i teksture. Na ovaj na\u010din slanina biva odli\u010dan izbor kako za mesnu platu, tako i uz tjesteninu, umake i \u010dorbe. Hrskava ili narezana, na\u0161a slanina je pravi suhomesnati dragulj.<\/p>\n","protected":false},"excerpt":{"rendered":"<p>Slanina se priprema su\u0161enjem i dimljenjem, \u0161to omogu\u0107ava da se meso konzervira i dobije karakteristi\u010dnu, prepoznatljivu aromu. Iako je slanina tradicionalni proizvod koji se mnogo konzumira na Balkanu, mnogi je porede sa italijanskom pancetom.<\/p>\n<p>Odaberite \u017eeljeni broj kilograma i kliknite na dugme &#8220;Dodaj u korpu&#8221;.<\/p>\n","protected":false},"featured_media":1797,"comment_status":"open","ping_status":"closed","template":"","meta":[],"product_brand":[],"product_cat":[127],"product_tag":[140,136,134],"class_list":{"0":"post-1207","1":"product","2":"type-product","3":"status-publish","4":"has-post-thumbnail","6":"product_cat-svinjetina","7":"product_tag-panceta","8":"product_tag-slanina","9":"product_tag-svinjetina","10":"product_shipping_class-light-parcel","12":"first","13":"instock","14":"taxable","15":"shipping-taxable","16":"purchasable","17":"product-type-simple"},"_links":{"self":[{"href":"https:\/\/www.eldsbergachark.se\/bs\/wp-json\/wp\/v2\/product\/1207","targetHints":{"allow":["GET"]}}],"collection":[{"href":"https:\/\/www.eldsbergachark.se\/bs\/wp-json\/wp\/v2\/product"}],"about":[{"href":"https:\/\/www.eldsbergachark.se\/bs\/wp-json\/wp\/v2\/types\/product"}],"replies":[{"embeddable":true,"href":"https:\/\/www.eldsbergachark.se\/bs\/wp-json\/wp\/v2\/comments?post=1207"}],"wp:featuredmedia":[{"embeddable":true,"href":"https:\/\/www.eldsbergachark.se\/bs\/wp-json\/wp\/v2\/media\/1797"}],"wp:attachment":[{"href":"https:\/\/www.eldsbergachark.se\/bs\/wp-json\/wp\/v2\/media?parent=1207"}],"wp:term":[{"taxonomy":"product_brand","embeddable":true,"href":"https:\/\/www.eldsbergachark.se\/bs\/wp-json\/wp\/v2\/product_brand?post=1207"},{"taxonomy":"product_cat","embeddable":true,"href":"https:\/\/www.eldsbergachark.se\/bs\/wp-json\/wp\/v2\/product_cat?post=1207"},{"taxonomy":"product_tag","embeddable":true,"href":"https:\/\/www.eldsbergachark.se\/bs\/wp-json\/wp\/v2\/product_tag?post=1207"}],"curies":[{"name":"wp","href":"https:\/\/api.w.org\/{rel}","templated":true}]}}