{"id":2617,"date":"2024-10-25T10:25:55","date_gmt":"2024-10-25T08:25:55","guid":{"rendered":"https:\/\/www.eldsbergachark.se\/?post_type=product&#038;p=2617"},"modified":"2024-10-25T10:25:55","modified_gmt":"2024-10-25T08:25:55","slug":"kras-kraski-vrat","status":"publish","type":"product","link":"https:\/\/www.eldsbergachark.se\/bs\/proizvod\/kras-kraski-vrat\/","title":{"rendered":"KRAS Kra\u0161ki vrat"},"content":{"rendered":"<p><span style=\"font-weight: 400;\">Savr\u0161eno za poslu\u017eivanje na plati sa suhomesnatim proizvodima ili kao ukusna zakuska. Svinjski vrat od KRAS-a tako\u0111er je savr\u0161en za sendvi\u010de ili kao dio predjela. Do\u017eivi djeli\u0107 Hrvatske u svakom zalogaju.<\/span><\/p>\n","protected":false},"excerpt":{"rendered":"<p><span style=\"font-weight: 400;\">KRAS svinjski vrat je tradicionalna su\u0161ena delikatesa napravljena od pa\u017eljivo odabranog svinjskog mesa. KRAS svinjski vrat je tradicionalna su\u0161ena delikatesa, pripremljena od pa\u017eljivo odabranog svinjskog mesa.<\/span><\/p>\n","protected":false},"featured_media":2488,"comment_status":"open","ping_status":"closed","template":"","meta":[],"product_brand":[],"product_cat":[157],"product_tag":[],"class_list":{"0":"post-2617","1":"product","2":"type-product","3":"status-publish","4":"has-post-thumbnail","6":"product_cat-proizvodi-iz-fabricke-trgovine","8":"first","9":"instock","10":"taxable","11":"shipping-taxable","12":"product-type-variable"},"_links":{"self":[{"href":"https:\/\/www.eldsbergachark.se\/bs\/wp-json\/wp\/v2\/product\/2617","targetHints":{"allow":["GET"]}}],"collection":[{"href":"https:\/\/www.eldsbergachark.se\/bs\/wp-json\/wp\/v2\/product"}],"about":[{"href":"https:\/\/www.eldsbergachark.se\/bs\/wp-json\/wp\/v2\/types\/product"}],"replies":[{"embeddable":true,"href":"https:\/\/www.eldsbergachark.se\/bs\/wp-json\/wp\/v2\/comments?post=2617"}],"wp:featuredmedia":[{"embeddable":true,"href":"https:\/\/www.eldsbergachark.se\/bs\/wp-json\/wp\/v2\/media\/2488"}],"wp:attachment":[{"href":"https:\/\/www.eldsbergachark.se\/bs\/wp-json\/wp\/v2\/media?parent=2617"}],"wp:term":[{"taxonomy":"product_brand","embeddable":true,"href":"https:\/\/www.eldsbergachark.se\/bs\/wp-json\/wp\/v2\/product_brand?post=2617"},{"taxonomy":"product_cat","embeddable":true,"href":"https:\/\/www.eldsbergachark.se\/bs\/wp-json\/wp\/v2\/product_cat?post=2617"},{"taxonomy":"product_tag","embeddable":true,"href":"https:\/\/www.eldsbergachark.se\/bs\/wp-json\/wp\/v2\/product_tag?post=2617"}],"curies":[{"name":"wp","href":"https:\/\/api.w.org\/{rel}","templated":true}]}}