{"id":2620,"date":"2024-10-25T10:25:56","date_gmt":"2024-10-25T08:25:56","guid":{"rendered":"https:\/\/www.eldsbergachark.se\/?post_type=product&#038;p=2620"},"modified":"2024-10-25T10:25:57","modified_gmt":"2024-10-25T08:25:57","slug":"kras-cajna-kobasica","status":"publish","type":"product","link":"https:\/\/www.eldsbergachark.se\/bs\/proizvod\/kras-cajna-kobasica\/","title":{"rendered":"KRAS \u010cajna kobasica"},"content":{"rendered":"<p><span style=\"font-weight: 400;\">\u010cajna kobasica je uravnote\u017eena i prikladna kako za me\u0111uobrok, tako i za sve\u010dane prilike. O\u010digledan izbor za sve koji cijene autenti\u010dne hrvatske okuse.<\/span><\/p>\n","protected":false},"excerpt":{"rendered":"<p><span style=\"font-weight: 400;\">KRAS \u010cajna kobasica je klasi\u010dna su\u0161ena kobasica koja kombinuje blagu za\u010dinjenost s bogatim okusom visokokvalitetnog svinjskog mesa. Njezine dimljene note i fina tekstura \u010dine je svestranim izborom, savr\u0161enim za sendvi\u010de, tapase ili plate sa suhomesnatim proizvodima.<\/span><\/p>\n","protected":false},"featured_media":2506,"comment_status":"open","ping_status":"closed","template":"","meta":[],"product_brand":[],"product_cat":[157],"product_tag":[],"class_list":{"0":"post-2620","1":"product","2":"type-product","3":"status-publish","4":"has-post-thumbnail","6":"product_cat-proizvodi-iz-fabricke-trgovine","8":"first","9":"instock","10":"taxable","11":"shipping-taxable","12":"product-type-variable"},"_links":{"self":[{"href":"https:\/\/www.eldsbergachark.se\/bs\/wp-json\/wp\/v2\/product\/2620","targetHints":{"allow":["GET"]}}],"collection":[{"href":"https:\/\/www.eldsbergachark.se\/bs\/wp-json\/wp\/v2\/product"}],"about":[{"href":"https:\/\/www.eldsbergachark.se\/bs\/wp-json\/wp\/v2\/types\/product"}],"replies":[{"embeddable":true,"href":"https:\/\/www.eldsbergachark.se\/bs\/wp-json\/wp\/v2\/comments?post=2620"}],"wp:featuredmedia":[{"embeddable":true,"href":"https:\/\/www.eldsbergachark.se\/bs\/wp-json\/wp\/v2\/media\/2506"}],"wp:attachment":[{"href":"https:\/\/www.eldsbergachark.se\/bs\/wp-json\/wp\/v2\/media?parent=2620"}],"wp:term":[{"taxonomy":"product_brand","embeddable":true,"href":"https:\/\/www.eldsbergachark.se\/bs\/wp-json\/wp\/v2\/product_brand?post=2620"},{"taxonomy":"product_cat","embeddable":true,"href":"https:\/\/www.eldsbergachark.se\/bs\/wp-json\/wp\/v2\/product_cat?post=2620"},{"taxonomy":"product_tag","embeddable":true,"href":"https:\/\/www.eldsbergachark.se\/bs\/wp-json\/wp\/v2\/product_tag?post=2620"}],"curies":[{"name":"wp","href":"https:\/\/api.w.org\/{rel}","templated":true}]}}