{"id":2623,"date":"2024-10-25T10:25:53","date_gmt":"2024-10-25T08:25:53","guid":{"rendered":"https:\/\/www.eldsbergachark.se\/?post_type=product&#038;p=2623"},"modified":"2024-10-30T10:47:59","modified_gmt":"2024-10-30T09:47:59","slug":"kras-prsut-adria","status":"publish","type":"product","link":"https:\/\/www.eldsbergachark.se\/bs\/proizvod\/kras-prsut-adria\/","title":{"rendered":"KRAS Pr\u0161ut Adria"},"content":{"rendered":"<p><span style=\"font-weight: 400;\">Savr\u0161en za poslu\u017eivanje na plati sa suhomesnatim proizvodima, uz sir i masline, ili kao ekskluzivan dodatak gurmanskim jelima. KRAS Pr\u0161ut predstavlja zanat i kvalitet koji odgovaraju svim prilikama, od svakodnevnih obroka do sve\u010danih doga\u0111anja.<\/span><\/p>\n","protected":false},"excerpt":{"rendered":"<p><span style=\"font-weight: 400;\">KRAS Pr\u0161ut Adria je remek-djelo su\u0161ene \u0161unke s dugom tradicijom. Ova delikatesa se proizvodi od pa\u017eljivo odabranog svinjskog mesa koje se su\u0161i mjesecima kako bi se postigao blag i uravnote\u017een okus.<\/span><\/p>\n<p>Odaberi \u017eeljeni broj hg (100 g) i klikni na dugme &#8220;Dodaj u korpu&#8221;. Na primjer, ako \u017eelite naru\u010diti 300 grama proizvoda, promijeni broj na 3 u polju ispod.<\/p>\n","protected":false},"featured_media":2500,"comment_status":"open","ping_status":"closed","template":"","meta":[],"product_brand":[],"product_cat":[157],"product_tag":[],"class_list":{"0":"post-2623","1":"product","2":"type-product","3":"status-publish","4":"has-post-thumbnail","6":"product_cat-proizvodi-iz-fabricke-trgovine","8":"first","9":"instock","10":"taxable","11":"shipping-taxable","12":"product-type-simple"},"_links":{"self":[{"href":"https:\/\/www.eldsbergachark.se\/bs\/wp-json\/wp\/v2\/product\/2623","targetHints":{"allow":["GET"]}}],"collection":[{"href":"https:\/\/www.eldsbergachark.se\/bs\/wp-json\/wp\/v2\/product"}],"about":[{"href":"https:\/\/www.eldsbergachark.se\/bs\/wp-json\/wp\/v2\/types\/product"}],"replies":[{"embeddable":true,"href":"https:\/\/www.eldsbergachark.se\/bs\/wp-json\/wp\/v2\/comments?post=2623"}],"wp:featuredmedia":[{"embeddable":true,"href":"https:\/\/www.eldsbergachark.se\/bs\/wp-json\/wp\/v2\/media\/2500"}],"wp:attachment":[{"href":"https:\/\/www.eldsbergachark.se\/bs\/wp-json\/wp\/v2\/media?parent=2623"}],"wp:term":[{"taxonomy":"product_brand","embeddable":true,"href":"https:\/\/www.eldsbergachark.se\/bs\/wp-json\/wp\/v2\/product_brand?post=2623"},{"taxonomy":"product_cat","embeddable":true,"href":"https:\/\/www.eldsbergachark.se\/bs\/wp-json\/wp\/v2\/product_cat?post=2623"},{"taxonomy":"product_tag","embeddable":true,"href":"https:\/\/www.eldsbergachark.se\/bs\/wp-json\/wp\/v2\/product_tag?post=2623"}],"curies":[{"name":"wp","href":"https:\/\/api.w.org\/{rel}","templated":true}]}}