{"id":2624,"date":"2024-10-25T10:25:58","date_gmt":"2024-10-25T08:25:58","guid":{"rendered":"https:\/\/www.eldsbergachark.se\/?post_type=product&#038;p=2624"},"modified":"2024-10-25T10:25:59","modified_gmt":"2024-10-25T08:25:59","slug":"svargla","status":"publish","type":"product","link":"https:\/\/www.eldsbergachark.se\/bs\/proizvod\/svargla\/","title":{"rendered":"\u0160vargla"},"content":{"rendered":"<p><span style=\"font-weight: 400;\">Blaga \u0161vargla je savr\u0161ena za sve koji vole autenti\u010dne, tradicionalne okuse. Bilo da je poslu\u017eite hladnu ili na sendvi\u010du, donosi okus Balkana na va\u0161 sto.<\/span><\/p>\n","protected":false},"excerpt":{"rendered":"<p><span style=\"font-weight: 400;\">\u0160vargla je tradicionalni balkanski specijalitet napravljen od mesa i za\u010dina koji se kuhaju i oblikuju u \u0161iroku, \u017eelatinastu kobasicu. \u010cesto se poslu\u017euje kao narezak ili kao dio plate sa suhomesnatim proizvodima, a njen bogat i dubok okus s rustikalnom teksturom \u010dini je popularnim izborom.<\/span><\/p>\n<p>Odaberi \u017eeljeni broj hg (100 g) i klikni na dugme &#8220;Dodaj u korpu&#8221;. Na primjer, ako \u017eelite naru\u010diti 300 grama proizvoda, promijeni broj na 3 u polju ispod.<\/p>\n","protected":false},"featured_media":2508,"comment_status":"open","ping_status":"closed","template":"","meta":[],"product_brand":[],"product_cat":[157],"product_tag":[],"class_list":{"0":"post-2624","1":"product","2":"type-product","3":"status-publish","4":"has-post-thumbnail","6":"product_cat-proizvodi-iz-fabricke-trgovine","8":"first","9":"instock","10":"taxable","11":"shipping-taxable","12":"product-type-variable"},"_links":{"self":[{"href":"https:\/\/www.eldsbergachark.se\/bs\/wp-json\/wp\/v2\/product\/2624","targetHints":{"allow":["GET"]}}],"collection":[{"href":"https:\/\/www.eldsbergachark.se\/bs\/wp-json\/wp\/v2\/product"}],"about":[{"href":"https:\/\/www.eldsbergachark.se\/bs\/wp-json\/wp\/v2\/types\/product"}],"replies":[{"embeddable":true,"href":"https:\/\/www.eldsbergachark.se\/bs\/wp-json\/wp\/v2\/comments?post=2624"}],"wp:featuredmedia":[{"embeddable":true,"href":"https:\/\/www.eldsbergachark.se\/bs\/wp-json\/wp\/v2\/media\/2508"}],"wp:attachment":[{"href":"https:\/\/www.eldsbergachark.se\/bs\/wp-json\/wp\/v2\/media?parent=2624"}],"wp:term":[{"taxonomy":"product_brand","embeddable":true,"href":"https:\/\/www.eldsbergachark.se\/bs\/wp-json\/wp\/v2\/product_brand?post=2624"},{"taxonomy":"product_cat","embeddable":true,"href":"https:\/\/www.eldsbergachark.se\/bs\/wp-json\/wp\/v2\/product_cat?post=2624"},{"taxonomy":"product_tag","embeddable":true,"href":"https:\/\/www.eldsbergachark.se\/bs\/wp-json\/wp\/v2\/product_tag?post=2624"}],"curies":[{"name":"wp","href":"https:\/\/api.w.org\/{rel}","templated":true}]}}