{"id":7880,"date":"2026-05-15T08:19:43","date_gmt":"2026-05-15T06:19:43","guid":{"rendered":"https:\/\/www.eldsbergachark.se\/?post_type=product&#038;p=7880"},"modified":"2026-05-15T08:23:45","modified_gmt":"2026-05-15T06:23:45","slug":"cabanossy-230g-kopia","status":"publish","type":"product","link":"https:\/\/www.eldsbergachark.se\/bs\/proizvod\/cabanossy-230g-kopia\/","title":{"rendered":"Cabanossy 230g (kopia)"},"content":{"rendered":"<p>Cabanossy vodi porijeko iz Centralne i Isto\u010dne Evrope, ali se danas nalazi na listi poznatih delikatesa, upravo zbog svoje popularnosti i svog slo\u017eenog ukusa. Na\u0161a cabanossy kobasica mo\u017ee da bude sastavni dio meze, ali se mo\u017ee jesti I sama, narezana na komadi\u0107e, kao ukusan zalogaj. Odli\u010dno se sla\u017ee sa pivom, \u0161to je \u010dini popularnom kao pivska kobasica, ali se tako\u0111e mo\u017ee koristiti i u kuhanju, na primjer u gula\u0161ima ili jelima sa tjesteninom.<\/p>\n","protected":false},"excerpt":{"rendered":"<p>Cabanossy je kobasica prepoznatljiva po svom duguljastom obliku, naj\u010de\u0161\u0107e napravljena od gove\u0111eg mesa. Za njen bogati i blago pikantni ukus zaslu\u017ean je na\u0161 recept koji savr\u0161eno balansira odnos kvalitetnog mesa, doziranog dimljenja i aromati\u010dnih za\u010dina, poput bijelog luka i paprike. Otuda na\u0161 Cabanossy dobija i karakteristi\u010dnu, tamnocrvenu boju, te \u010dvrstu konzistenciju i \u010desto je zaslu\u017eeni favorit kod na\u0161ih kupaca.<\/p>\n<p>Odaberite \u017eeljeni broj komada i kliknite na dugme &#8220;Dodaj u korpu&#8221;.<\/p>\n","protected":false},"featured_media":1747,"comment_status":"open","ping_status":"closed","template":"","meta":[],"product_brand":[],"product_cat":[122],"product_tag":[123,132,138,142],"class_list":{"0":"post-7880","1":"product","2":"type-product","3":"status-publish","4":"has-post-thumbnail","6":"product_cat-govedina","7":"product_tag-govedina","8":"product_tag-kabanosi","9":"product_tag-kobasica","10":"product_tag-pivska-kobasica","11":"product_shipping_class-light-parcel","13":"first","14":"instock","15":"taxable","16":"shipping-taxable","17":"purchasable","18":"product-type-simple"},"_links":{"self":[{"href":"https:\/\/www.eldsbergachark.se\/bs\/wp-json\/wp\/v2\/product\/7880","targetHints":{"allow":["GET"]}}],"collection":[{"href":"https:\/\/www.eldsbergachark.se\/bs\/wp-json\/wp\/v2\/product"}],"about":[{"href":"https:\/\/www.eldsbergachark.se\/bs\/wp-json\/wp\/v2\/types\/product"}],"replies":[{"embeddable":true,"href":"https:\/\/www.eldsbergachark.se\/bs\/wp-json\/wp\/v2\/comments?post=7880"}],"wp:featuredmedia":[{"embeddable":true,"href":"https:\/\/www.eldsbergachark.se\/bs\/wp-json\/wp\/v2\/media\/1747"}],"wp:attachment":[{"href":"https:\/\/www.eldsbergachark.se\/bs\/wp-json\/wp\/v2\/media?parent=7880"}],"wp:term":[{"taxonomy":"product_brand","embeddable":true,"href":"https:\/\/www.eldsbergachark.se\/bs\/wp-json\/wp\/v2\/product_brand?post=7880"},{"taxonomy":"product_cat","embeddable":true,"href":"https:\/\/www.eldsbergachark.se\/bs\/wp-json\/wp\/v2\/product_cat?post=7880"},{"taxonomy":"product_tag","embeddable":true,"href":"https:\/\/www.eldsbergachark.se\/bs\/wp-json\/wp\/v2\/product_tag?post=7880"}],"curies":[{"name":"wp","href":"https:\/\/api.w.org\/{rel}","templated":true}]}}